{"id":10588,"date":"2024-04-06T14:38:31","date_gmt":"2024-04-06T12:38:31","guid":{"rendered":"https:\/\/seobest.de\/demo11222\/?page_id=10588"},"modified":"2026-04-12T12:12:03","modified_gmt":"2026-04-12T10:12:03","slug":"cesoiatura","status":"publish","type":"page","link":"https:\/\/salzgeberag.ch\/it\/cesoiatura\/","title":{"rendered":"Cesoiatura"},"content":{"rendered":"\n<div class=\"wp-block-group animated fadeInLeft\"><div class=\"wp-block-group__inner-container is-layout-constrained wp-block-group-is-layout-constrained\">\n<h3 class=\"wp-block-heading has-text-color has-link-color wp-elements-620218a5355c4fb29cfe6705179d2d02\" style=\"color:#1c1f66\"><strong>Taglio con cesoia a ghigliottina<\/strong><\/h3>\n\n\n\n<div style=\"height:15px\" aria-hidden=\"true\" class=\"wp-block-spacer\"><\/div>\n\n\n\n<p>Per esigenze semplici possiamo eseguire alcuni tagli di separazione in modo economico e EXPRESS con la nostra cesoia a ghigliottina.<\/p>\n\n\n\n<div style=\"height:40px\" aria-hidden=\"true\" class=\"wp-block-spacer\"><\/div>\n\n\n\n<div class=\"wp-block-columns is-layout-flex wp-container-core-columns-is-layout-9d6595d7 wp-block-columns-is-layout-flex\">\n<div class=\"wp-block-column is-layout-flow wp-block-column-is-layout-flow\"><div class=\"wp-block-coblocks-icon has-text-align-center\">\n\t\t\t\t<div class=\"wp-block-coblocks-icon__inner has-text-color\" style=\"height: 60px; width: 60px; color: #1c1f66; fill: #1c1f66;\">\n\t\t\t\t\t<svg fill=\"none\" viewBox=\"0 0 20 20\" xmlns=\"http:\/\/www.w3.org\/2000\/svg\"><path d=\"m14.1407867 2.93112377 2.9296067 2.93112377-2.9296067 2.93112377-2.9296066-2.93112377zm-7.92960658.49715173v4.14293113h-4.14078675v-4.14293113zm10.35196688 10.3573278v4.1429311h-4.1407868v-4.1429311zm-10.35196688 0v4.1429311h-4.14078675v-4.1429311zm7.92960658-13.7856033-5.8592132 5.85189021 5.8592132 5.86224759 5.8592133-5.86224759zm-5.8592132 1.35680994h-8.2815735v8.28586225h8.2815735zm10.3519669 10.35732786h-8.2815735v8.2858622h8.2815735zm-10.3519669 0h-8.2815735v8.2858622h8.2815735z\" fill=\"currentColor\" \/><\/svg>\n\t\t\t\t<\/div>\n\t\t\t<\/div>\n\n\n<div style=\"height:20px\" aria-hidden=\"true\" class=\"wp-block-spacer\"><\/div>\n\n\n\n<p class=\"has-text-align-center is-style-default has-text-color has-link-color has-medium-font-size wp-elements-6d9699e17a2f9c4a69e6f07b8b394f43\" style=\"color:#1c1f66\"><strong>Acciaio inox fino a 6 mm<\/strong><\/p>\n<\/div>\n\n\n\n<div class=\"wp-block-column is-layout-flow wp-block-column-is-layout-flow\"><div class=\"wp-block-coblocks-icon has-text-align-center\">\n\t\t\t\t<div class=\"wp-block-coblocks-icon__inner has-text-color\" style=\"height: 60px; width: 60px; color: #1c1f66; fill: #1c1f66;\">\n\t\t\t\t\t<svg fill=\"none\" viewBox=\"0.26 0.27 20.1 20.1\" xmlns=\"http:\/\/www.w3.org\/2000\/svg\"><path d=\"m10.2895508.29378255c-5.52000002 0-10.00000002 4.48-10.00000002 10.00000005 0 5.52 4.48 10 10.00000002 10 5.52 0 10-4.48 10-10 0-5.52000005-4.48-10.00000005-10-10.00000005zm0 18.00000005c-4.41000002 0-8.00000002-3.59-8.00000002-8 0-4.41000005 3.59-8.00000005 8.00000002-8.00000005 4.41 0 8 3.59 8 8.00000005 0 4.41-3.59 8-8 8zm0-12.50000005c-2.49000002 0-4.50000002 2.01-4.50000002 4.50000005 0 2.49 2.01 4.5 4.50000002 4.5 2.49 0 4.5-2.01 4.5-4.5 0-2.49000005-2.01-4.50000005-4.5-4.50000005zm0 5.50000005c-.55000002 0-1.00000002-.45-1.00000002-1 0-.55000005.45-1.00000005 1.00000002-1.00000005.55 0 1 .45 1 1.00000005 0 .55-.45 1-1 1z\" fill=\"currentColor\" \/><\/svg>\n\t\t\t\t<\/div>\n\t\t\t<\/div>\n\n\n<div style=\"height:20px\" aria-hidden=\"true\" class=\"wp-block-spacer\"><\/div>\n\n\n\n<p class=\"has-text-align-center has-text-color has-link-color has-medium-font-size wp-elements-1c1e9042ba0e870416acc35ad747200d\" style=\"color:#1c1f66\"><strong>Acciaio fino a 10 mm<\/strong><\/p>\n<\/div>\n\n\n\n<div class=\"wp-block-column is-layout-flow wp-block-column-is-layout-flow\"><div class=\"wp-block-coblocks-icon has-text-align-center\">\n\t\t\t\t<div class=\"wp-block-coblocks-icon__inner has-text-color\" style=\"height: 80px; width: 80px; color: #1c1f66; fill: #1c1f66;\">\n\t\t\t\t\t<svg fill=\"none\" viewBox=\"0 0 24 24\" xmlns=\"http:\/\/www.w3.org\/2000\/svg\"><path d=\"m4 8h16c.6904 0 1.25.55964 1.25 1.25v5c0 .6904-.5596 1.25-1.25 1.25h-16c-.69036 0-1.25-.5596-1.25-1.25v-5c0-.69036.55964-1.25 1.25-1.25z\" stroke=\"currentColor\" stroke-width=\"1.5\" fill=\"none\"\/><\/svg>\n\n\t\t\t\t<\/div>\n\t\t\t<\/div>\n\n\n<p class=\"has-text-align-center has-text-color has-link-color has-medium-font-size wp-elements-0cf09343f0eaffa0d10d7a73afa49307\" style=\"color:#1c1f66\"><strong>Alluminio fino a 12 mm<\/strong><\/p>\n<\/div>\n<\/div>\n\n\n\n<div style=\"height:30px\" aria-hidden=\"true\" class=\"wp-block-spacer\"><\/div>\n\n\n\n<p>Il taglio a cesoia consiste nella separazione di un materiale tramite due lame che si muovono una rispetto all\u2019altra, come nel caso di una forbice, secondo DIN 8588. Il materiale viene tranciato per effetto della forza di taglio. Nella lavorazione della lamiera, questo processo di separazione \u00e8 uno dei pi\u00f9 utilizzati. Gli utensili impiegati per questo processo sono le cesoie (cesoie manuali, cesoie a ghigliottina, cesoie per lamiera, cesoie per cavi, ecc.), nonch\u00e9, tra gli altri, presse di tranciatura, cesoie di soccorso o roditrici.<\/p>\n<\/div><\/div>\n\n\n\n<div style=\"height:20px\" aria-hidden=\"true\" class=\"wp-block-spacer\"><\/div>\n\n\n\n<div class=\"wp-block-group animated fadeInRight\"><div class=\"wp-block-group__inner-container is-layout-constrained wp-block-group-is-layout-constrained\">\n<div class=\"wp-block-group animated fadeInRight\"><div class=\"wp-block-group__inner-container is-layout-constrained wp-block-group-is-layout-constrained\">\n<h3 class=\"wp-block-heading has-text-color has-link-color wp-elements-db1a461fff9798cc8036b278743be9da\" style=\"color:#1c1f66\"><strong>La separazione del materiale tramite taglio a cesoia si suddivide in quattro fasi:<\/strong><\/h3>\n\n\n\n<ul class=\"wp-block-list\">\n<li>contatto tra lama superiore e lama inferiore con deformazione elastica del materiale e spostamento nella direzione di taglio<\/li>\n\n\n\n<li>deformazione plastica del materiale<\/li>\n\n\n\n<li>formazione di cricche a partire dai bordi di taglio<\/li>\n\n\n\n<li>rottura completa<\/li>\n<\/ul>\n\n\n\n<p>Determinanti per la qualit\u00e0 delle superfici di taglio sono lo spessore del materiale, il gioco di taglio in rapporto allo spessore (3\u20135 % per taglio aperto, 5\u201310 % per taglio chiuso, 0,5\u20131 % per il tranciamento fine), lo stato di usura degli utensili, il tipo di materiale, la guida dell\u2019utensile e la geometria del pezzo. La qualit\u00e0 di una forma interna \u00e8 influenzata principalmente dal punzone, poich\u00e9 avviene solo un movimento relativo tra il punzone e la forma interna. Per una forma esterna vale lo stesso principio per le matrici di taglio. (Fonte: Wikipedia)<\/p>\n<\/div><\/div>\n<\/div><\/div>\n\n\n\n<div style=\"height:20px\" aria-hidden=\"true\" class=\"wp-block-spacer\"><\/div>\n\n\n\n<div class=\"wp-block-columns animated fadeInLeft is-layout-flex wp-container-core-columns-is-layout-9d6595d7 wp-block-columns-is-layout-flex\">\n<div class=\"wp-block-column is-vertically-aligned-center is-layout-flow wp-block-column-is-layout-flow\">\n<p class=\"has-text-align-center\">Con la nostra cesoia possiamo tagliare fino a 10 mm di acciaio, 12 mm di alluminio e 6 mm di acciaio inox su una lunghezza di 3 m.<\/p>\n\n\n\n<p class=\"has-text-align-center\"><a href=\"https:\/\/salzgeberag.ch\/it\/contatto\/\" type=\"page\" id=\"5006\">Contattateci <\/a>semplicemente e inviateci la vostra richiesta!<\/p>\n<\/div>\n\n\n\n<div class=\"wp-block-column is-layout-flow wp-block-column-is-layout-flow\"><div class=\"wp-block-image\">\n<figure class=\"aligncenter size-full\"><img loading=\"lazy\" decoding=\"async\" width=\"300\" height=\"169\" src=\"https:\/\/www.salzgeberag.ch\/it\/wp-content\/uploads\/2024\/06\/20150421_145727-300x169-1.jpg\" alt=\"\" class=\"wp-image-11198\"\/><figcaption class=\"wp-element-caption\"><strong>Cesoia a ghigliottina<\/strong><\/figcaption><\/figure>\n<\/div><\/div>\n<\/div>\n","protected":false},"excerpt":{"rendered":"<p>Taglio con cesoia a ghigliottina Per esigenze semplici possiamo eseguire alcuni tagli di separazione in modo economico e EXPRESS con la nostra cesoia a ghigliottina. Acciaio inox fino a 6 &#8230;<\/p>\n","protected":false},"author":1,"featured_media":11960,"parent":0,"menu_order":0,"comment_status":"closed","ping_status":"closed","template":"","meta":{"_coblocks_attr":"","_coblocks_dimensions":"","_coblocks_responsive_height":"","_coblocks_accordion_ie_support":"","pgc_sgb_lightbox_settings":"","footnotes":""},"class_list":["post-10588","page","type-page","status-publish","has-post-thumbnail","hentry"],"yoast_head":"<!-- This site is optimized with the Yoast SEO plugin v27.4 - https:\/\/yoast.com\/product\/yoast-seo-wordpress\/ -->\n<title>Taglio con cesoia a ghigliottina<\/title>\n<meta name=\"description\" content=\"Taglio con cesoia a ghigliottina presso Salzgeber AG Winterthur. Fornitore di taglio con cesoia a ghigliottina\" \/>\n<meta name=\"robots\" content=\"index, follow, max-snippet:-1, max-image-preview:large, max-video-preview:-1\" \/>\n<link rel=\"canonical\" href=\"https:\/\/salzgeberag.ch\/it\/cesoiatura\/\" \/>\n<meta property=\"og:locale\" content=\"it_IT\" \/>\n<meta property=\"og:type\" content=\"article\" \/>\n<meta property=\"og:title\" content=\"Taglio con cesoia a ghigliottina\" \/>\n<meta property=\"og:description\" content=\"Taglio con cesoia a ghigliottina presso Salzgeber AG Winterthur. Fornitore di taglio con cesoia a ghigliottina\" \/>\n<meta property=\"og:url\" content=\"https:\/\/salzgeberag.ch\/it\/cesoiatura\/\" \/>\n<meta property=\"og:site_name\" content=\"Salzgeber AG Winterthur\" \/>\n<meta property=\"article:modified_time\" content=\"2026-04-12T10:12:03+00:00\" \/>\n<meta property=\"og:image\" content=\"https:\/\/salzgeberag.ch\/it\/wp-content\/uploads\/2024\/06\/Laser.jpg\" \/>\n\t<meta property=\"og:image:width\" content=\"1909\" \/>\n\t<meta property=\"og:image:height\" content=\"754\" \/>\n\t<meta property=\"og:image:type\" content=\"image\/jpeg\" \/>\n<meta name=\"twitter:card\" content=\"summary_large_image\" \/>\n<meta name=\"twitter:label1\" content=\"Tempo di lettura stimato\" \/>\n\t<meta name=\"twitter:data1\" content=\"3 minuti\" \/>\n<script type=\"application\/ld+json\" class=\"yoast-schema-graph\">{\"@context\":\"https:\\\/\\\/schema.org\",\"@graph\":[{\"@type\":\"WebPage\",\"@id\":\"https:\\\/\\\/salzgeberag.ch\\\/it\\\/cesoiatura\\\/\",\"url\":\"https:\\\/\\\/salzgeberag.ch\\\/it\\\/cesoiatura\\\/\",\"name\":\"Taglio con cesoia a ghigliottina\",\"isPartOf\":{\"@id\":\"https:\\\/\\\/salzgeberag.ch\\\/it\\\/#website\"},\"primaryImageOfPage\":{\"@id\":\"https:\\\/\\\/salzgeberag.ch\\\/it\\\/cesoiatura\\\/#primaryimage\"},\"image\":{\"@id\":\"https:\\\/\\\/salzgeberag.ch\\\/it\\\/cesoiatura\\\/#primaryimage\"},\"thumbnailUrl\":\"https:\\\/\\\/salzgeberag.ch\\\/it\\\/wp-content\\\/uploads\\\/2024\\\/06\\\/Laser.jpg\",\"datePublished\":\"2024-04-06T12:38:31+00:00\",\"dateModified\":\"2026-04-12T10:12:03+00:00\",\"description\":\"Taglio con cesoia a ghigliottina presso Salzgeber AG Winterthur. Fornitore di taglio con cesoia a ghigliottina\",\"breadcrumb\":{\"@id\":\"https:\\\/\\\/salzgeberag.ch\\\/it\\\/cesoiatura\\\/#breadcrumb\"},\"inLanguage\":\"it-IT\",\"potentialAction\":[{\"@type\":\"ReadAction\",\"target\":[\"https:\\\/\\\/salzgeberag.ch\\\/it\\\/cesoiatura\\\/\"]}]},{\"@type\":\"ImageObject\",\"inLanguage\":\"it-IT\",\"@id\":\"https:\\\/\\\/salzgeberag.ch\\\/it\\\/cesoiatura\\\/#primaryimage\",\"url\":\"https:\\\/\\\/salzgeberag.ch\\\/it\\\/wp-content\\\/uploads\\\/2024\\\/06\\\/Laser.jpg\",\"contentUrl\":\"https:\\\/\\\/salzgeberag.ch\\\/it\\\/wp-content\\\/uploads\\\/2024\\\/06\\\/Laser.jpg\",\"width\":1909,\"height\":754},{\"@type\":\"BreadcrumbList\",\"@id\":\"https:\\\/\\\/salzgeberag.ch\\\/it\\\/cesoiatura\\\/#breadcrumb\",\"itemListElement\":[{\"@type\":\"ListItem\",\"position\":1,\"name\":\"Start\",\"item\":\"https:\\\/\\\/salzgeberag.ch\\\/it\\\/\"},{\"@type\":\"ListItem\",\"position\":2,\"name\":\"Cesoiatura\"}]},{\"@type\":\"WebSite\",\"@id\":\"https:\\\/\\\/salzgeberag.ch\\\/it\\\/#website\",\"url\":\"https:\\\/\\\/salzgeberag.ch\\\/it\\\/\",\"name\":\"Salzgeber AG Winterthur\",\"description\":\"Impiantistica industriale, Costruzione di apparecchiature, Lavorazione della lamiera, Taglio a getto d\u2019acqua e Taglio laser\",\"publisher\":{\"@id\":\"https:\\\/\\\/salzgeberag.ch\\\/it\\\/#organization\"},\"potentialAction\":[{\"@type\":\"SearchAction\",\"target\":{\"@type\":\"EntryPoint\",\"urlTemplate\":\"https:\\\/\\\/salzgeberag.ch\\\/it\\\/?s={search_term_string}\"},\"query-input\":{\"@type\":\"PropertyValueSpecification\",\"valueRequired\":true,\"valueName\":\"search_term_string\"}}],\"inLanguage\":\"it-IT\"},{\"@type\":\"Organization\",\"@id\":\"https:\\\/\\\/salzgeberag.ch\\\/it\\\/#organization\",\"name\":\"Salzgeber AG Winterthur\",\"url\":\"https:\\\/\\\/salzgeberag.ch\\\/it\\\/\",\"logo\":{\"@type\":\"ImageObject\",\"inLanguage\":\"it-IT\",\"@id\":\"https:\\\/\\\/salzgeberag.ch\\\/it\\\/#\\\/schema\\\/logo\\\/image\\\/\",\"url\":\"https:\\\/\\\/salzgeberag.ch\\\/it\\\/wp-content\\\/uploads\\\/2024\\\/05\\\/Salzgeber-AG-logoNeu.jpg\",\"contentUrl\":\"https:\\\/\\\/salzgeberag.ch\\\/it\\\/wp-content\\\/uploads\\\/2024\\\/05\\\/Salzgeber-AG-logoNeu.jpg\",\"width\":532,\"height\":480,\"caption\":\"Salzgeber AG Winterthur\"},\"image\":{\"@id\":\"https:\\\/\\\/salzgeberag.ch\\\/it\\\/#\\\/schema\\\/logo\\\/image\\\/\"}}]}<\/script>\n<!-- \/ Yoast SEO plugin. -->","yoast_head_json":{"title":"Taglio con cesoia a ghigliottina","description":"Taglio con cesoia a ghigliottina presso Salzgeber AG Winterthur. Fornitore di taglio con cesoia a ghigliottina","robots":{"index":"index","follow":"follow","max-snippet":"max-snippet:-1","max-image-preview":"max-image-preview:large","max-video-preview":"max-video-preview:-1"},"canonical":"https:\/\/salzgeberag.ch\/it\/cesoiatura\/","og_locale":"it_IT","og_type":"article","og_title":"Taglio con cesoia a ghigliottina","og_description":"Taglio con cesoia a ghigliottina presso Salzgeber AG Winterthur. Fornitore di taglio con cesoia a ghigliottina","og_url":"https:\/\/salzgeberag.ch\/it\/cesoiatura\/","og_site_name":"Salzgeber AG Winterthur","article_modified_time":"2026-04-12T10:12:03+00:00","og_image":[{"width":1909,"height":754,"url":"https:\/\/salzgeberag.ch\/it\/wp-content\/uploads\/2024\/06\/Laser.jpg","type":"image\/jpeg"}],"twitter_card":"summary_large_image","twitter_misc":{"Tempo di lettura stimato":"3 minuti"},"schema":{"@context":"https:\/\/schema.org","@graph":[{"@type":"WebPage","@id":"https:\/\/salzgeberag.ch\/it\/cesoiatura\/","url":"https:\/\/salzgeberag.ch\/it\/cesoiatura\/","name":"Taglio con cesoia a ghigliottina","isPartOf":{"@id":"https:\/\/salzgeberag.ch\/it\/#website"},"primaryImageOfPage":{"@id":"https:\/\/salzgeberag.ch\/it\/cesoiatura\/#primaryimage"},"image":{"@id":"https:\/\/salzgeberag.ch\/it\/cesoiatura\/#primaryimage"},"thumbnailUrl":"https:\/\/salzgeberag.ch\/it\/wp-content\/uploads\/2024\/06\/Laser.jpg","datePublished":"2024-04-06T12:38:31+00:00","dateModified":"2026-04-12T10:12:03+00:00","description":"Taglio con cesoia a ghigliottina presso Salzgeber AG Winterthur. Fornitore di taglio con cesoia a ghigliottina","breadcrumb":{"@id":"https:\/\/salzgeberag.ch\/it\/cesoiatura\/#breadcrumb"},"inLanguage":"it-IT","potentialAction":[{"@type":"ReadAction","target":["https:\/\/salzgeberag.ch\/it\/cesoiatura\/"]}]},{"@type":"ImageObject","inLanguage":"it-IT","@id":"https:\/\/salzgeberag.ch\/it\/cesoiatura\/#primaryimage","url":"https:\/\/salzgeberag.ch\/it\/wp-content\/uploads\/2024\/06\/Laser.jpg","contentUrl":"https:\/\/salzgeberag.ch\/it\/wp-content\/uploads\/2024\/06\/Laser.jpg","width":1909,"height":754},{"@type":"BreadcrumbList","@id":"https:\/\/salzgeberag.ch\/it\/cesoiatura\/#breadcrumb","itemListElement":[{"@type":"ListItem","position":1,"name":"Start","item":"https:\/\/salzgeberag.ch\/it\/"},{"@type":"ListItem","position":2,"name":"Cesoiatura"}]},{"@type":"WebSite","@id":"https:\/\/salzgeberag.ch\/it\/#website","url":"https:\/\/salzgeberag.ch\/it\/","name":"Salzgeber AG Winterthur","description":"Impiantistica industriale, Costruzione di apparecchiature, Lavorazione della lamiera, Taglio a getto d\u2019acqua e Taglio laser","publisher":{"@id":"https:\/\/salzgeberag.ch\/it\/#organization"},"potentialAction":[{"@type":"SearchAction","target":{"@type":"EntryPoint","urlTemplate":"https:\/\/salzgeberag.ch\/it\/?s={search_term_string}"},"query-input":{"@type":"PropertyValueSpecification","valueRequired":true,"valueName":"search_term_string"}}],"inLanguage":"it-IT"},{"@type":"Organization","@id":"https:\/\/salzgeberag.ch\/it\/#organization","name":"Salzgeber AG Winterthur","url":"https:\/\/salzgeberag.ch\/it\/","logo":{"@type":"ImageObject","inLanguage":"it-IT","@id":"https:\/\/salzgeberag.ch\/it\/#\/schema\/logo\/image\/","url":"https:\/\/salzgeberag.ch\/it\/wp-content\/uploads\/2024\/05\/Salzgeber-AG-logoNeu.jpg","contentUrl":"https:\/\/salzgeberag.ch\/it\/wp-content\/uploads\/2024\/05\/Salzgeber-AG-logoNeu.jpg","width":532,"height":480,"caption":"Salzgeber AG Winterthur"},"image":{"@id":"https:\/\/salzgeberag.ch\/it\/#\/schema\/logo\/image\/"}}]}},"_links":{"self":[{"href":"https:\/\/salzgeberag.ch\/it\/wp-json\/wp\/v2\/pages\/10588","targetHints":{"allow":["GET"]}}],"collection":[{"href":"https:\/\/salzgeberag.ch\/it\/wp-json\/wp\/v2\/pages"}],"about":[{"href":"https:\/\/salzgeberag.ch\/it\/wp-json\/wp\/v2\/types\/page"}],"author":[{"embeddable":true,"href":"https:\/\/salzgeberag.ch\/it\/wp-json\/wp\/v2\/users\/1"}],"replies":[{"embeddable":true,"href":"https:\/\/salzgeberag.ch\/it\/wp-json\/wp\/v2\/comments?post=10588"}],"version-history":[{"count":30,"href":"https:\/\/salzgeberag.ch\/it\/wp-json\/wp\/v2\/pages\/10588\/revisions"}],"predecessor-version":[{"id":12429,"href":"https:\/\/salzgeberag.ch\/it\/wp-json\/wp\/v2\/pages\/10588\/revisions\/12429"}],"wp:featuredmedia":[{"embeddable":true,"href":"https:\/\/salzgeberag.ch\/it\/wp-json\/wp\/v2\/media\/11960"}],"wp:attachment":[{"href":"https:\/\/salzgeberag.ch\/it\/wp-json\/wp\/v2\/media?parent=10588"}],"curies":[{"name":"wp","href":"https:\/\/api.w.org\/{rel}","templated":true}]}}