{"id":10691,"date":"2024-04-06T17:07:33","date_gmt":"2024-04-06T15:07:33","guid":{"rendered":"https:\/\/seobest.de\/demo11222\/?page_id=10691"},"modified":"2026-04-12T12:13:30","modified_gmt":"2026-04-12T10:13:30","slug":"saldatura","status":"publish","type":"page","link":"https:\/\/salzgeberag.ch\/it\/saldatura\/","title":{"rendered":"Saldatura"},"content":{"rendered":"\n<div class=\"wp-block-columns is-layout-flex wp-container-core-columns-is-layout-9d6595d7 wp-block-columns-is-layout-flex\">\n<div class=\"wp-block-column animated fadeInLeft is-layout-flow wp-block-column-is-layout-flow\" style=\"flex-basis:66.66%\">\n<p class=\"has-text-color has-link-color has-medium-font-size wp-elements-fe8e4ff5e919d51454b37c31ab522a4f\" style=\"color:#1c1f66\"><strong>Saldatura, saldatura per fusione e saldatura a pressione<\/strong><\/p>\n\n\n\n<div style=\"height:20px\" aria-hidden=\"true\" class=\"wp-block-spacer\"><\/div>\n\n\n\n<p>Personale altamente qualificato e certificato secondo ISO 3834-3 garantisce la disponibilit\u00e0 di tutti i processi di saldatura adatti per le pi\u00f9 diverse esigenze dei clienti<\/p>\n\n\n\n<ul class=\"wp-block-list\">\n<li>Saldatura TIG da 0,3 mm a \u2026 mm<\/li>\n\n\n\n<li>Saldatura MSG (MIG) da 2,5 mm a \u2026 mm<\/li>\n\n\n\n<li>Saldatura a punti fino a 3 mm<\/li>\n\n\n\n<li>Saldatura a perni da \u00d8 3 mm a \u00d8 10 mm<\/li>\n\n\n\n<li>Taglio ossiacetilenico e taglio al plasma<\/li>\n\n\n\n<li>Saldatura laser manuale da \u00d8 0,3 mm a \u00d8 3 mm<\/li>\n<\/ul>\n<\/div>\n\n\n\n<div class=\"wp-block-column animated fadeInRight is-layout-flow wp-block-column-is-layout-flow\" style=\"flex-basis:33.33%\"><div class=\"wp-block-image\">\n<figure class=\"aligncenter size-full\"><img loading=\"lazy\" decoding=\"async\" width=\"768\" height=\"768\" src=\"https:\/\/salzgeberag.ch\/it\/wp-content\/uploads\/2024\/06\/3834-3_gm_de.jpg\" alt=\"\" class=\"wp-image-11965\" srcset=\"https:\/\/salzgeberag.ch\/it\/wp-content\/uploads\/2024\/06\/3834-3_gm_de.jpg 768w, https:\/\/salzgeberag.ch\/it\/wp-content\/uploads\/2024\/06\/3834-3_gm_de-300x300.jpg 300w, https:\/\/salzgeberag.ch\/it\/wp-content\/uploads\/2024\/06\/3834-3_gm_de-150x150.jpg 150w\" sizes=\"auto, (max-width: 768px) 100vw, 768px\" \/><\/figure>\n<\/div><\/div>\n<\/div>\n\n\n\n<div style=\"height:30px\" aria-hidden=\"true\" class=\"wp-block-spacer\"><\/div>\n\n\n\n<hr class=\"wp-block-separator has-alpha-channel-opacity\"\/>\n\n\n\n<div style=\"height:60px\" aria-hidden=\"true\" class=\"wp-block-spacer\"><\/div>\n\n\n\n<div class=\"wp-block-columns is-layout-flex wp-container-core-columns-is-layout-9d6595d7 wp-block-columns-is-layout-flex\">\n<div class=\"wp-block-column animated fadeInLeft is-layout-flow wp-block-column-is-layout-flow\">\n<p>Nessun dubbio: il classico nella lavorazione della lamiera \u00e8 la saldatura. Fa parte delle tecniche di produzione del giunzione come tecnologia di collegamento. Sebbene questo processo sia noto a tutti, probabilmente non tutti sanno come funziona.<\/p>\n\n\n\n<p>Il segreto: attraverso un calore estremamente elevato, due parti di materiale metallico vengono unite tra loro. I bordi vengono fusi e saldati insieme. Naturalmente \u00e8 necessario considerare le propriet\u00e0 specifiche dei rispettivi materiali, inclusa la loro composizione come leghe.<\/p>\n\n\n\n<p>Il nostro personale altamente qualificato e certificato, perfettamente formato anche nel campo delle lavorazioni di saldatura, conosce i dettagli che fanno la differenza. Per questo motivo \u00e8 possibile realizzare un\u2019ampia variet\u00e0 di lavorazioni, eseguite con i processi di saldatura pi\u00f9 adeguati.<\/p>\n<\/div>\n\n\n\n<div class=\"wp-block-column animated fadeInRight is-layout-flow wp-block-column-is-layout-flow\"><div class=\"wp-block-image\">\n<figure class=\"aligncenter size-large has-lightbox\"><a href=\"https:\/\/youtu.be\/1FuZlx6Yb10\" target=\"_blank\" rel=\"noreferrer noopener\"><img loading=\"lazy\" decoding=\"async\" width=\"1024\" height=\"574\" src=\"https:\/\/www.salzgeberag.ch\/it\/wp-content\/uploads\/2024\/06\/schweisss-1024x574.png\" alt=\"\" class=\"wp-image-11285\" srcset=\"https:\/\/salzgeberag.ch\/it\/wp-content\/uploads\/2024\/06\/schweisss-1024x574.png 1024w, https:\/\/salzgeberag.ch\/it\/wp-content\/uploads\/2024\/06\/schweisss-300x168.png 300w, https:\/\/salzgeberag.ch\/it\/wp-content\/uploads\/2024\/06\/schweisss-768x430.png 768w, https:\/\/salzgeberag.ch\/it\/wp-content\/uploads\/2024\/06\/schweisss.png 1092w\" sizes=\"auto, (max-width: 1024px) 100vw, 1024px\" \/><\/a><\/figure>\n<\/div><\/div>\n<\/div>\n\n\n\n<p>I diversi tipi di saldatura appartengono al gruppo dei processi di giunzione per il collegamento permanente di pi\u00f9 componenti. La saldatura \u00e8 uno dei gruppi pi\u00f9 importanti delle tecnologie di produzione nel campo dei processi di giunzione.<\/p>\n\n\n\n<div style=\"height:40px\" aria-hidden=\"true\" class=\"wp-block-spacer\"><\/div>\n\n\n<div class=\"pgc-sgb-cb wp-block-pgcsimplygalleryblock-slider  animatedfadeInUp\" data-gallery-id=\"e2d51415\"style=&quot;min-height:300px&quot;><div class=\"sgb-preloader\" id=\"pr_e2d51415\">\n\t<div class=\"sgb-square\" style=\"background:#d4d4d4\"><\/div>\n\t<div class=\"sgb-square\" style=\"background:#d4d4d4\"><\/div>\n\t<div class=\"sgb-square\" style=\"background:#d4d4d4\"><\/div>\n\t<div class=\"sgb-square\" style=\"background:#d4d4d4\"><\/div><\/div><div class=\"simply-gallery-amp pgc_sgb_slider \"><noscript><div class=\"sgb-gallery\"><div class=\"sgb-item\"><a href=\"https:\/\/salzgeberag.ch\/it\/saldatura\/1-2-2\/\" target=\"_blank\"><img decoding=\"async\" alt=\"saldatura\" width=\"300\" height=\"169\" loading=\"lazy\" src=\"https:\/\/salzgeberag.ch\/it\/wp-content\/uploads\/2024\/06\/1-2-1.jpg\" srcset=\",https:\/\/salzgeberag.ch\/it\/wp-content\/uploads\/2024\/06\/1-2-1.jpg 300w\" sizes=\"auto, 250px\"\/><\/a><div class=\"sgb-item-caption\"><em>Cordone di saldatura finito\n<\/em><\/div><\/div><div class=\"sgb-item\"><a href=\"https:\/\/salzgeberag.ch\/it\/saldatura\/2-3\/\" target=\"_blank\"><img decoding=\"async\" alt=\"saldatura\" width=\"300\" height=\"169\" loading=\"lazy\" src=\"https:\/\/salzgeberag.ch\/it\/wp-content\/uploads\/2024\/06\/2-3-300x169.jpg\" srcset=\"https:\/\/salzgeberag.ch\/it\/wp-content\/uploads\/2024\/06\/2-3-300x169.jpg 300w,https:\/\/salzgeberag.ch\/it\/wp-content\/uploads\/2024\/06\/2-3.jpg 500w\" sizes=\"auto, 250px\"\/><\/a><div class=\"sgb-item-caption\"><em>Saldatura dell\u2019alluminio\n<\/em><\/div><\/div><div class=\"sgb-item\"><a href=\"https:\/\/salzgeberag.ch\/it\/saldatura\/3-1-2\/\" target=\"_blank\"><img decoding=\"async\" alt=\"saldatura\" width=\"300\" height=\"169\" loading=\"lazy\" src=\"https:\/\/salzgeberag.ch\/it\/wp-content\/uploads\/2024\/06\/3-1.jpg\" srcset=\",https:\/\/salzgeberag.ch\/it\/wp-content\/uploads\/2024\/06\/3-1.jpg 300w\" sizes=\"auto, 250px\"\/><\/a><div class=\"sgb-item-caption\"><em>Flangia in acciaio inox\n<\/em><\/div><\/div><div class=\"sgb-item\"><a href=\"https:\/\/salzgeberag.ch\/it\/saldatura\/4-1-2\/\" target=\"_blank\"><img decoding=\"async\" alt=\"saldatura\" width=\"300\" height=\"169\" loading=\"lazy\" src=\"https:\/\/salzgeberag.ch\/it\/wp-content\/uploads\/2024\/06\/4-1-300x169.jpg\" srcset=\"https:\/\/salzgeberag.ch\/it\/wp-content\/uploads\/2024\/06\/4-1-300x169.jpg 300w,https:\/\/salzgeberag.ch\/it\/wp-content\/uploads\/2024\/06\/4-1.jpg 500w\" sizes=\"auto, 250px\"\/><\/a><div class=\"sgb-item-caption\"><em>Saldatore durante la saldatura<\/em><\/div><\/div><\/div><\/noscript><\/div><script type=\"application\/json\" class=\"sgb-data\">{\"captionHAlign\":\"bottom\",\"collectionthumbHoverTitleTextBgColor\":\"rgba(28,31,102,1)\",\"sliderMaxHeight\":300,\"sliderAdminWidth\":840,\"collectionColumns\":2,\"autoPlay\":true,\"galleryType\":\"pgc_sgb_slider\",\"galleryId\":\"e2d51415\",\"images\":[{\"id\":11292,\"title\":\"Cordone di saldatura finito\",\"url\":\"https:\/\/salzgeberag.ch\/it\/wp-content\/uploads\/2024\/06\/1-2-1.jpg\",\"link\":\"https:\/\/salzgeberag.ch\/it\/saldatura\/1-2-2\/\",\"alt\":\"saldatura\",\"description\":\"\",\"caption\":\"Cordone di saldatura finito\\n\",\"mime\":\"image\/jpeg\",\"type\":\"image\",\"width\":300,\"height\":169,\"sizes\":{\"thumbnail\":{\"height\":150,\"width\":150,\"url\":\"https:\/\/salzgeberag.ch\/it\/wp-content\/uploads\/2024\/06\/1-2-1-150x150.jpg\",\"orientation\":\"landscape\"},\"full\":{\"url\":\"https:\/\/salzgeberag.ch\/it\/wp-content\/uploads\/2024\/06\/1-2-1.jpg\",\"height\":169,\"width\":300,\"orientation\":\"landscape\"}},\"imageMeta\":{\"aperture\":\"0\",\"credit\":\"\",\"camera\":\"\",\"caption\":\"\",\"created_timestamp\":\"0\",\"copyright\":\"\",\"focal_length\":\"0\",\"iso\":\"0\",\"shutter_speed\":\"0\",\"title\":\"\",\"orientation\":\"0\",\"keywords\":[]},\"meta\":false,\"postlink\":\"https:\/\/salzgeberag.ch\/it\/saldatura\/1-2-2\/\"},{\"id\":11293,\"title\":\"Saldatura dell\u2019alluminio\",\"url\":\"https:\/\/salzgeberag.ch\/it\/wp-content\/uploads\/2024\/06\/2-3.jpg\",\"link\":\"https:\/\/salzgeberag.ch\/it\/saldatura\/2-3\/\",\"alt\":\"saldatura\",\"description\":\"\",\"caption\":\"Saldatura dell\u2019alluminio\\n\",\"mime\":\"image\/jpeg\",\"type\":\"image\",\"width\":500,\"height\":281,\"sizes\":{\"thumbnail\":{\"height\":150,\"width\":150,\"url\":\"https:\/\/salzgeberag.ch\/it\/wp-content\/uploads\/2024\/06\/2-3-150x150.jpg\",\"orientation\":\"landscape\"},\"medium\":{\"height\":169,\"width\":300,\"url\":\"https:\/\/salzgeberag.ch\/it\/wp-content\/uploads\/2024\/06\/2-3-300x169.jpg\",\"orientation\":\"landscape\"},\"full\":{\"url\":\"https:\/\/salzgeberag.ch\/it\/wp-content\/uploads\/2024\/06\/2-3.jpg\",\"height\":281,\"width\":500,\"orientation\":\"landscape\"}},\"imageMeta\":{\"aperture\":\"0\",\"credit\":\"\",\"camera\":\"\",\"caption\":\"\",\"created_timestamp\":\"0\",\"copyright\":\"\",\"focal_length\":\"0\",\"iso\":\"0\",\"shutter_speed\":\"0\",\"title\":\"\",\"orientation\":\"0\",\"keywords\":[]},\"meta\":false,\"postlink\":\"https:\/\/salzgeberag.ch\/it\/saldatura\/2-3\/\"},{\"id\":11294,\"title\":\"Flangia in acciaio inox\",\"url\":\"https:\/\/salzgeberag.ch\/it\/wp-content\/uploads\/2024\/06\/3-1.jpg\",\"link\":\"https:\/\/salzgeberag.ch\/it\/saldatura\/3-1-2\/\",\"alt\":\"saldatura\",\"description\":\"\",\"caption\":\"Flangia in acciaio inox\\n\",\"mime\":\"image\/jpeg\",\"type\":\"image\",\"width\":300,\"height\":169,\"sizes\":{\"thumbnail\":{\"height\":150,\"width\":150,\"url\":\"https:\/\/salzgeberag.ch\/it\/wp-content\/uploads\/2024\/06\/3-1-150x150.jpg\",\"orientation\":\"landscape\"},\"full\":{\"url\":\"https:\/\/salzgeberag.ch\/it\/wp-content\/uploads\/2024\/06\/3-1.jpg\",\"height\":169,\"width\":300,\"orientation\":\"landscape\"}},\"imageMeta\":{\"aperture\":\"0\",\"credit\":\"\",\"camera\":\"\",\"caption\":\"\",\"created_timestamp\":\"0\",\"copyright\":\"\",\"focal_length\":\"0\",\"iso\":\"0\",\"shutter_speed\":\"0\",\"title\":\"\",\"orientation\":\"0\",\"keywords\":[]},\"meta\":false,\"postlink\":\"https:\/\/salzgeberag.ch\/it\/saldatura\/3-1-2\/\"},{\"id\":11295,\"title\":\"Saldatore durante la saldatura\",\"url\":\"https:\/\/salzgeberag.ch\/it\/wp-content\/uploads\/2024\/06\/4-1.jpg\",\"link\":\"https:\/\/salzgeberag.ch\/it\/saldatura\/4-1-2\/\",\"alt\":\"saldatura\",\"description\":\"\",\"caption\":\"Saldatore durante la saldatura\",\"mime\":\"image\/jpeg\",\"type\":\"image\",\"width\":500,\"height\":281,\"sizes\":{\"thumbnail\":{\"height\":150,\"width\":150,\"url\":\"https:\/\/salzgeberag.ch\/it\/wp-content\/uploads\/2024\/06\/4-1-150x150.jpg\",\"orientation\":\"landscape\"},\"medium\":{\"height\":169,\"width\":300,\"url\":\"https:\/\/salzgeberag.ch\/it\/wp-content\/uploads\/2024\/06\/4-1-300x169.jpg\",\"orientation\":\"landscape\"},\"full\":{\"url\":\"https:\/\/salzgeberag.ch\/it\/wp-content\/uploads\/2024\/06\/4-1.jpg\",\"height\":281,\"width\":500,\"orientation\":\"landscape\"}},\"imageMeta\":{\"aperture\":\"0\",\"credit\":\"\",\"camera\":\"\",\"caption\":\"\",\"created_timestamp\":\"0\",\"copyright\":\"\",\"focal_length\":\"0\",\"iso\":\"0\",\"shutter_speed\":\"0\",\"title\":\"\",\"orientation\":\"0\",\"keywords\":[]},\"meta\":false,\"postlink\":\"https:\/\/salzgeberag.ch\/it\/saldatura\/4-1-2\/\"}],\"className\":\"animated fadeInUp\",\"itemsMetaDataCollection\":[]}<\/script><script>(function(){if(window.PGC_SGB && window.PGC_SGB.searcher){window.PGC_SGB.searcher.initBlocks()}})()<\/script><\/div>","protected":false},"excerpt":{"rendered":"<p>Saldatura, saldatura per fusione e saldatura a pressione Personale altamente qualificato e certificato secondo ISO 3834-3 garantisce la disponibilit\u00e0 di tutti i processi di saldatura adatti per le pi\u00f9 diverse &#8230;<\/p>\n","protected":false},"author":1,"featured_media":11960,"parent":0,"menu_order":0,"comment_status":"closed","ping_status":"closed","template":"","meta":{"_coblocks_attr":"","_coblocks_dimensions":"","_coblocks_responsive_height":"","_coblocks_accordion_ie_support":"","pgc_sgb_lightbox_settings":"","footnotes":""},"class_list":["post-10691","page","type-page","status-publish","has-post-thumbnail","hentry"],"yoast_head":"<!-- This site is optimized with the Yoast SEO plugin v27.4 - https:\/\/yoast.com\/product\/yoast-seo-wordpress\/ -->\n<title>Saldatura<\/title>\n<meta name=\"description\" content=\"Saldatura presso Salzgeber AG Winterthur. Il vostro partner per saldatura, saldatura per fusione e saldatura a pressione\" \/>\n<meta name=\"robots\" content=\"index, follow, max-snippet:-1, max-image-preview:large, max-video-preview:-1\" \/>\n<link rel=\"canonical\" href=\"https:\/\/salzgeberag.ch\/it\/saldatura\/\" \/>\n<meta property=\"og:locale\" content=\"it_IT\" \/>\n<meta property=\"og:type\" content=\"article\" \/>\n<meta property=\"og:title\" content=\"Saldatura\" \/>\n<meta property=\"og:description\" content=\"Saldatura presso Salzgeber AG Winterthur. Il vostro partner per saldatura, saldatura per fusione e saldatura a pressione\" \/>\n<meta property=\"og:url\" content=\"https:\/\/salzgeberag.ch\/it\/saldatura\/\" \/>\n<meta property=\"og:site_name\" content=\"Salzgeber AG Winterthur\" \/>\n<meta property=\"article:modified_time\" content=\"2026-04-12T10:13:30+00:00\" \/>\n<meta property=\"og:image\" content=\"https:\/\/salzgeberag.ch\/it\/wp-content\/uploads\/2024\/06\/Laser.jpg\" \/>\n\t<meta property=\"og:image:width\" content=\"1909\" \/>\n\t<meta property=\"og:image:height\" content=\"754\" \/>\n\t<meta property=\"og:image:type\" content=\"image\/jpeg\" \/>\n<meta name=\"twitter:card\" content=\"summary_large_image\" \/>\n<meta name=\"twitter:label1\" content=\"Tempo di lettura stimato\" \/>\n\t<meta name=\"twitter:data1\" content=\"3 minuti\" \/>\n<script type=\"application\/ld+json\" class=\"yoast-schema-graph\">{\"@context\":\"https:\\\/\\\/schema.org\",\"@graph\":[{\"@type\":\"WebPage\",\"@id\":\"https:\\\/\\\/salzgeberag.ch\\\/it\\\/saldatura\\\/\",\"url\":\"https:\\\/\\\/salzgeberag.ch\\\/it\\\/saldatura\\\/\",\"name\":\"Saldatura\",\"isPartOf\":{\"@id\":\"https:\\\/\\\/salzgeberag.ch\\\/it\\\/#website\"},\"primaryImageOfPage\":{\"@id\":\"https:\\\/\\\/salzgeberag.ch\\\/it\\\/saldatura\\\/#primaryimage\"},\"image\":{\"@id\":\"https:\\\/\\\/salzgeberag.ch\\\/it\\\/saldatura\\\/#primaryimage\"},\"thumbnailUrl\":\"https:\\\/\\\/salzgeberag.ch\\\/it\\\/wp-content\\\/uploads\\\/2024\\\/06\\\/Laser.jpg\",\"datePublished\":\"2024-04-06T15:07:33+00:00\",\"dateModified\":\"2026-04-12T10:13:30+00:00\",\"description\":\"Saldatura presso Salzgeber AG Winterthur. Il vostro partner per saldatura, saldatura per fusione e saldatura a pressione\",\"breadcrumb\":{\"@id\":\"https:\\\/\\\/salzgeberag.ch\\\/it\\\/saldatura\\\/#breadcrumb\"},\"inLanguage\":\"it-IT\",\"potentialAction\":[{\"@type\":\"ReadAction\",\"target\":[\"https:\\\/\\\/salzgeberag.ch\\\/it\\\/saldatura\\\/\"]}]},{\"@type\":\"ImageObject\",\"inLanguage\":\"it-IT\",\"@id\":\"https:\\\/\\\/salzgeberag.ch\\\/it\\\/saldatura\\\/#primaryimage\",\"url\":\"https:\\\/\\\/salzgeberag.ch\\\/it\\\/wp-content\\\/uploads\\\/2024\\\/06\\\/Laser.jpg\",\"contentUrl\":\"https:\\\/\\\/salzgeberag.ch\\\/it\\\/wp-content\\\/uploads\\\/2024\\\/06\\\/Laser.jpg\",\"width\":1909,\"height\":754},{\"@type\":\"BreadcrumbList\",\"@id\":\"https:\\\/\\\/salzgeberag.ch\\\/it\\\/saldatura\\\/#breadcrumb\",\"itemListElement\":[{\"@type\":\"ListItem\",\"position\":1,\"name\":\"Start\",\"item\":\"https:\\\/\\\/salzgeberag.ch\\\/it\\\/\"},{\"@type\":\"ListItem\",\"position\":2,\"name\":\"Saldatura\"}]},{\"@type\":\"WebSite\",\"@id\":\"https:\\\/\\\/salzgeberag.ch\\\/it\\\/#website\",\"url\":\"https:\\\/\\\/salzgeberag.ch\\\/it\\\/\",\"name\":\"Salzgeber AG Winterthur\",\"description\":\"Impiantistica industriale, Costruzione di apparecchiature, Lavorazione della lamiera, Taglio a getto d\u2019acqua e Taglio laser\",\"publisher\":{\"@id\":\"https:\\\/\\\/salzgeberag.ch\\\/it\\\/#organization\"},\"potentialAction\":[{\"@type\":\"SearchAction\",\"target\":{\"@type\":\"EntryPoint\",\"urlTemplate\":\"https:\\\/\\\/salzgeberag.ch\\\/it\\\/?s={search_term_string}\"},\"query-input\":{\"@type\":\"PropertyValueSpecification\",\"valueRequired\":true,\"valueName\":\"search_term_string\"}}],\"inLanguage\":\"it-IT\"},{\"@type\":\"Organization\",\"@id\":\"https:\\\/\\\/salzgeberag.ch\\\/it\\\/#organization\",\"name\":\"Salzgeber AG Winterthur\",\"url\":\"https:\\\/\\\/salzgeberag.ch\\\/it\\\/\",\"logo\":{\"@type\":\"ImageObject\",\"inLanguage\":\"it-IT\",\"@id\":\"https:\\\/\\\/salzgeberag.ch\\\/it\\\/#\\\/schema\\\/logo\\\/image\\\/\",\"url\":\"https:\\\/\\\/salzgeberag.ch\\\/it\\\/wp-content\\\/uploads\\\/2024\\\/05\\\/Salzgeber-AG-logoNeu.jpg\",\"contentUrl\":\"https:\\\/\\\/salzgeberag.ch\\\/it\\\/wp-content\\\/uploads\\\/2024\\\/05\\\/Salzgeber-AG-logoNeu.jpg\",\"width\":532,\"height\":480,\"caption\":\"Salzgeber AG Winterthur\"},\"image\":{\"@id\":\"https:\\\/\\\/salzgeberag.ch\\\/it\\\/#\\\/schema\\\/logo\\\/image\\\/\"}}]}<\/script>\n<!-- \/ Yoast SEO plugin. -->","yoast_head_json":{"title":"Saldatura","description":"Saldatura presso Salzgeber AG Winterthur. Il vostro partner per saldatura, saldatura per fusione e saldatura a pressione","robots":{"index":"index","follow":"follow","max-snippet":"max-snippet:-1","max-image-preview":"max-image-preview:large","max-video-preview":"max-video-preview:-1"},"canonical":"https:\/\/salzgeberag.ch\/it\/saldatura\/","og_locale":"it_IT","og_type":"article","og_title":"Saldatura","og_description":"Saldatura presso Salzgeber AG Winterthur. Il vostro partner per saldatura, saldatura per fusione e saldatura a pressione","og_url":"https:\/\/salzgeberag.ch\/it\/saldatura\/","og_site_name":"Salzgeber AG Winterthur","article_modified_time":"2026-04-12T10:13:30+00:00","og_image":[{"width":1909,"height":754,"url":"https:\/\/salzgeberag.ch\/it\/wp-content\/uploads\/2024\/06\/Laser.jpg","type":"image\/jpeg"}],"twitter_card":"summary_large_image","twitter_misc":{"Tempo di lettura stimato":"3 minuti"},"schema":{"@context":"https:\/\/schema.org","@graph":[{"@type":"WebPage","@id":"https:\/\/salzgeberag.ch\/it\/saldatura\/","url":"https:\/\/salzgeberag.ch\/it\/saldatura\/","name":"Saldatura","isPartOf":{"@id":"https:\/\/salzgeberag.ch\/it\/#website"},"primaryImageOfPage":{"@id":"https:\/\/salzgeberag.ch\/it\/saldatura\/#primaryimage"},"image":{"@id":"https:\/\/salzgeberag.ch\/it\/saldatura\/#primaryimage"},"thumbnailUrl":"https:\/\/salzgeberag.ch\/it\/wp-content\/uploads\/2024\/06\/Laser.jpg","datePublished":"2024-04-06T15:07:33+00:00","dateModified":"2026-04-12T10:13:30+00:00","description":"Saldatura presso Salzgeber AG Winterthur. Il vostro partner per saldatura, saldatura per fusione e saldatura a pressione","breadcrumb":{"@id":"https:\/\/salzgeberag.ch\/it\/saldatura\/#breadcrumb"},"inLanguage":"it-IT","potentialAction":[{"@type":"ReadAction","target":["https:\/\/salzgeberag.ch\/it\/saldatura\/"]}]},{"@type":"ImageObject","inLanguage":"it-IT","@id":"https:\/\/salzgeberag.ch\/it\/saldatura\/#primaryimage","url":"https:\/\/salzgeberag.ch\/it\/wp-content\/uploads\/2024\/06\/Laser.jpg","contentUrl":"https:\/\/salzgeberag.ch\/it\/wp-content\/uploads\/2024\/06\/Laser.jpg","width":1909,"height":754},{"@type":"BreadcrumbList","@id":"https:\/\/salzgeberag.ch\/it\/saldatura\/#breadcrumb","itemListElement":[{"@type":"ListItem","position":1,"name":"Start","item":"https:\/\/salzgeberag.ch\/it\/"},{"@type":"ListItem","position":2,"name":"Saldatura"}]},{"@type":"WebSite","@id":"https:\/\/salzgeberag.ch\/it\/#website","url":"https:\/\/salzgeberag.ch\/it\/","name":"Salzgeber AG Winterthur","description":"Impiantistica industriale, Costruzione di apparecchiature, Lavorazione della lamiera, Taglio a getto d\u2019acqua e Taglio laser","publisher":{"@id":"https:\/\/salzgeberag.ch\/it\/#organization"},"potentialAction":[{"@type":"SearchAction","target":{"@type":"EntryPoint","urlTemplate":"https:\/\/salzgeberag.ch\/it\/?s={search_term_string}"},"query-input":{"@type":"PropertyValueSpecification","valueRequired":true,"valueName":"search_term_string"}}],"inLanguage":"it-IT"},{"@type":"Organization","@id":"https:\/\/salzgeberag.ch\/it\/#organization","name":"Salzgeber AG Winterthur","url":"https:\/\/salzgeberag.ch\/it\/","logo":{"@type":"ImageObject","inLanguage":"it-IT","@id":"https:\/\/salzgeberag.ch\/it\/#\/schema\/logo\/image\/","url":"https:\/\/salzgeberag.ch\/it\/wp-content\/uploads\/2024\/05\/Salzgeber-AG-logoNeu.jpg","contentUrl":"https:\/\/salzgeberag.ch\/it\/wp-content\/uploads\/2024\/05\/Salzgeber-AG-logoNeu.jpg","width":532,"height":480,"caption":"Salzgeber AG Winterthur"},"image":{"@id":"https:\/\/salzgeberag.ch\/it\/#\/schema\/logo\/image\/"}}]}},"_links":{"self":[{"href":"https:\/\/salzgeberag.ch\/it\/wp-json\/wp\/v2\/pages\/10691","targetHints":{"allow":["GET"]}}],"collection":[{"href":"https:\/\/salzgeberag.ch\/it\/wp-json\/wp\/v2\/pages"}],"about":[{"href":"https:\/\/salzgeberag.ch\/it\/wp-json\/wp\/v2\/types\/page"}],"author":[{"embeddable":true,"href":"https:\/\/salzgeberag.ch\/it\/wp-json\/wp\/v2\/users\/1"}],"replies":[{"embeddable":true,"href":"https:\/\/salzgeberag.ch\/it\/wp-json\/wp\/v2\/comments?post=10691"}],"version-history":[{"count":33,"href":"https:\/\/salzgeberag.ch\/it\/wp-json\/wp\/v2\/pages\/10691\/revisions"}],"predecessor-version":[{"id":12444,"href":"https:\/\/salzgeberag.ch\/it\/wp-json\/wp\/v2\/pages\/10691\/revisions\/12444"}],"wp:featuredmedia":[{"embeddable":true,"href":"https:\/\/salzgeberag.ch\/it\/wp-json\/wp\/v2\/media\/11960"}],"wp:attachment":[{"href":"https:\/\/salzgeberag.ch\/it\/wp-json\/wp\/v2\/media?parent=10691"}],"curies":[{"name":"wp","href":"https:\/\/api.w.org\/{rel}","templated":true}]}}