{"id":10704,"date":"2024-04-06T17:09:59","date_gmt":"2024-04-06T15:09:59","guid":{"rendered":"https:\/\/seobest.de\/demo11222\/?page_id=10704"},"modified":"2026-04-12T12:14:31","modified_gmt":"2026-04-12T10:14:31","slug":"burattatura","status":"publish","type":"page","link":"https:\/\/salzgeberag.ch\/it\/burattatura\/","title":{"rendered":"Burattatura"},"content":{"rendered":"\n<div class=\"wp-block-columns is-layout-flex wp-container-core-columns-is-layout-9d6595d7 wp-block-columns-is-layout-flex\">\n<div class=\"wp-block-column is-layout-flow wp-block-column-is-layout-flow\" style=\"flex-basis:100%\">\n<div class=\"wp-block-group\"><div class=\"wp-block-group__inner-container is-layout-constrained wp-block-group-is-layout-constrained\">\n<div class=\"wp-block-columns is-layout-flex wp-container-core-columns-is-layout-9d6595d7 wp-block-columns-is-layout-flex\">\n<div class=\"wp-block-column is-layout-flow wp-block-column-is-layout-flow\">\n<figure class=\"wp-block-image size-large animated fadeInLeftBig has-lightbox\"><a href=\"https:\/\/youtu.be\/-u-2eGPw_W8\" target=\"_blank\" rel=\"noreferrer noopener\"><img loading=\"lazy\" decoding=\"async\" width=\"1024\" height=\"574\" src=\"https:\/\/salzgeberag.ch\/it\/wp-content\/uploads\/2024\/06\/Gleitschleifen-1024x574.png\" alt=\"\" class=\"wp-image-11306\" srcset=\"https:\/\/salzgeberag.ch\/it\/wp-content\/uploads\/2024\/06\/Gleitschleifen-1024x574.png 1024w, https:\/\/salzgeberag.ch\/it\/wp-content\/uploads\/2024\/06\/Gleitschleifen-300x168.png 300w, https:\/\/salzgeberag.ch\/it\/wp-content\/uploads\/2024\/06\/Gleitschleifen-768x430.png 768w, https:\/\/salzgeberag.ch\/it\/wp-content\/uploads\/2024\/06\/Gleitschleifen.png 1094w\" sizes=\"auto, (max-width: 1024px) 100vw, 1024px\" \/><\/a><\/figure>\n<\/div>\n\n\n\n<div class=\"wp-block-column is-layout-flow wp-block-column-is-layout-flow\">\n<div class=\"wp-block-group animated fadeInRightBig\"><div class=\"wp-block-group__inner-container is-layout-constrained wp-block-group-is-layout-constrained\">\n<h3 class=\"wp-block-heading has-text-color has-link-color wp-elements-ff70f4d5c78c9aa7e7aa5f45ecc65892\" style=\"color:#1c1f66\"><strong>Burattatura Sbavatura Arrotondamento: la burattatura \u00e8 un processo utilizzato per l\u2019arrotondamento dei bordi e la finitura superficiale. La burattatura \u00e8 conosciuta anche come lavorazione a vibrofinitura.<\/strong><\/h3>\n\n\n\n<p><strong>Sbaviamo e arrotondiamo i materiali con le nostre macchine di burattatura<\/strong><\/p>\n\n\n\n<div class=\"wp-block-columns is-layout-flex wp-container-core-columns-is-layout-9d6595d7 wp-block-columns-is-layout-flex\">\n<div class=\"wp-block-column is-layout-flow wp-block-column-is-layout-flow\">\n<ul class=\"wp-block-list\">\n<li>Acciaio inox<\/li>\n\n\n\n<li>Alluminio<\/li>\n\n\n\n<li>Titanio<\/li>\n\n\n\n<li>Ottone<\/li>\n<\/ul>\n\n\n<div class=\"wp-block-coblocks-shape-divider is-style-angled is-horizontally-flipped mt-0 mb-0\" style=\"color: #1c1f66;\" aria-hidden=\"true\">\n\t\t\t<div class=\"wp-block-coblocks-shape-divider__svg-wrapper\" style=\"height:2px;\">\n\t\t\t\t<svg class=\"divider--angled\" aria-hidden xmlns=\"http:\/\/www.w3.org\/2000\/svg\" viewBox=\"0 0 100 100\" preserveAspectRatio=\"none\"><polygon points=\"0,100 100,0 100,100\" \/><\/svg>\n\t\t\t<\/div>\n\t\t\t<div class=\"wp-block-coblocks-shape-divider__alt-wrapper\" style=\"height:0px;\"><\/div>\n\t\t<\/div><\/div>\n\n\n\n<div class=\"wp-block-column is-layout-flow wp-block-column-is-layout-flow\">\n<ul class=\"wp-block-list\">\n<li>Rame<\/li>\n\n\n\n<li>Materie plastiche<\/li>\n\n\n\n<li>Legno<\/li>\n<\/ul>\n\n\n\n<div style=\"height:30px\" aria-hidden=\"true\" class=\"wp-block-spacer\"><\/div>\n\n\n<div class=\"wp-block-coblocks-shape-divider is-style-angled is-horizontally-flipped mt-0 mb-0\" style=\"color: #1c1f66;\" aria-hidden=\"true\">\n\t\t\t<div class=\"wp-block-coblocks-shape-divider__svg-wrapper\" style=\"height:2px;\">\n\t\t\t\t<svg class=\"divider--angled\" aria-hidden xmlns=\"http:\/\/www.w3.org\/2000\/svg\" viewBox=\"0 0 100 100\" preserveAspectRatio=\"none\"><polygon points=\"0,100 100,0 100,100\" \/><\/svg>\n\t\t\t<\/div>\n\t\t\t<div class=\"wp-block-coblocks-shape-divider__alt-wrapper\" style=\"height:0px;\"><\/div>\n\t\t<\/div><\/div>\n<\/div>\n<\/div><\/div>\n<\/div>\n<\/div>\n<\/div><\/div>\n<\/div>\n<\/div>\n\n\n\n<div style=\"height:50px\" aria-hidden=\"true\" class=\"wp-block-spacer\"><\/div>\n\n\n\n<div class=\"wp-block-group animated fadeInUp\"><div class=\"wp-block-group__inner-container is-layout-constrained wp-block-group-is-layout-constrained\">\n<h3 class=\"wp-block-heading has-text-color has-link-color wp-elements-4f2672b2d266c5fbcde82ad1f7b8be48\" style=\"color:#1c1f66\"><strong>Con attenzione ai dettagli: perfezionate il vostro pezzo tramite burattatura, arrotondamento e sbavatura<\/strong><\/h3>\n\n\n\n<div style=\"height:40px\" aria-hidden=\"true\" class=\"wp-block-spacer\"><\/div>\n\n\n\n<div class=\"wp-block-columns is-layout-flex wp-container-core-columns-is-layout-9d6595d7 wp-block-columns-is-layout-flex\">\n<div class=\"wp-block-column is-layout-flow wp-block-column-is-layout-flow\">\n<p>Diciamolo chiaramente: ruggine, oli o graffi non hanno un bell\u2019aspetto su pezzi realizzati con cura. Inoltre, la qualit\u00e0 si riconosce spesso proprio nei dettagli. Gi\u00e0 solo per questo motivo, la burattatura \u00e8 consigliabile una volta completati i vostri prodotti. Tuttavia, questo processo svolge anche una funzione pratica, poich\u00e9 elimina anche i pi\u00f9 piccoli difetti del materiale. Il vantaggio \u00e8 evidente: la burattatura arrotonda gli spigoli vivi, rimuove le schegge ed elimina le irregolarit\u00e0. Questo \u00e8 particolarmente importante per i componenti metallici, poich\u00e9 durante il processo produttivo possono formarsi le cosiddette bave. Questi bordi sono estremamente affilati e, nel peggiore dei casi, possono causare gravi lesioni da taglio. Inoltre, la burattatura pulisce il materiale e lascia una superficie opaca. Nel complesso, questo processo facilita notevolmente l\u2019utilizzo dei vostri pezzi.<\/p>\n<\/div>\n\n\n\n<div class=\"wp-block-column is-layout-flow wp-block-column-is-layout-flow\"><div class=\"wp-block-image\">\n<figure class=\"aligncenter size-full is-resized\"><img loading=\"lazy\" decoding=\"async\" width=\"300\" height=\"169\" src=\"https:\/\/www.salzgeberag.ch\/it\/wp-content\/uploads\/2024\/06\/20150502_081900-300x169-4.jpg\" alt=\"\" class=\"wp-image-11325\" style=\"width:auto;height:300px\"\/><figcaption class=\"wp-element-caption\"><strong>Vibrovagliatore circolare \u00d81000<\/strong><\/figcaption><\/figure>\n<\/div><\/div>\n<\/div>\n<\/div><\/div>\n\n\n\n<div style=\"height:25px\" aria-hidden=\"true\" class=\"wp-block-spacer\"><\/div>\n\n\n\n<div class=\"wp-block-group animated fadeInUp\"><div class=\"wp-block-group__inner-container is-layout-constrained wp-block-group-is-layout-constrained\">\n<h3 class=\"wp-block-heading has-text-color has-link-color wp-elements-f0e57f61b1cc2d204fc6f360d3880a18\" style=\"color:#1c1f66\"><strong>Burattatura, arrotondamento e sbavatura: migliaia di corpi abrasivi garantiscono la finitura perfetta<\/strong><\/h3>\n\n\n\n<div style=\"height:15px\" aria-hidden=\"true\" class=\"wp-block-spacer\"><\/div>\n\n\n\n<p>Il metodo della burattatura \u00e8 piuttosto semplice: i pezzi da lavorare vengono inseriti nel nostro grande contenitore con un diametro di un metro. All\u2019interno si trovano contemporaneamente innumerevoli corpi abrasivi che rimuovono le irregolarit\u00e0 e lo sporco dalla superficie del materiale. La particolarit\u00e0 \u00e8 che questi corpi abrasivi non solo hanno dimensioni diverse, ma sono anche impregnati con un agente specifico per la pulizia. La loro piena efficacia si manifesta quando l\u2019impianto di burattatura entra in funzione, poich\u00e9 le vibrazioni fanno s\u00ec che i corpi abrasivi si muovano e sfregino contro i pezzi. Per una rappresentazione pi\u00f9 chiara del processo, sul nostro sito web abbiamo inserito uno dei nostri video YouTube che potete visualizzare.<\/p>\n\n\n\n<p>A proposito: cosa desiderate perfezionare tramite burattatura dipende interamente da voi. Possono essere trattati non solo acciaio, alluminio, titanio, ottone, rame o altri acciai inox, ma anche materie plastiche o persino legno. In questo modo \u00e8 garantita una superficie liscia su tutti i materiali.<\/p>\n<\/div><\/div>\n\n\n\n<div style=\"height:25px\" aria-hidden=\"true\" class=\"wp-block-spacer\"><\/div>\n\n\n\n<div class=\"wp-block-group animated fadeInUp\"><div class=\"wp-block-group__inner-container is-layout-constrained wp-block-group-is-layout-constrained\">\n<h3 class=\"wp-block-heading has-text-color has-link-color wp-elements-1506183cfbdc6d343e13ef5b50e04115\" style=\"color:#1c1f66\"><strong>Desiderate migliorare la superficie dei vostri prodotti tramite burattatura? Allora contattateci<\/strong><\/h3>\n\n\n\n<div style=\"height:15px\" aria-hidden=\"true\" class=\"wp-block-spacer\"><\/div>\n\n\n\n<p>Siamo un\u2019azienda con molti anni di esperienza e il vostro partner ideale per l\u2019ottimizzazione dei vostri pezzi. Siete interessati a burattatura, arrotondamento e sbavatura? Il modo migliore \u00e8 contattarci telefonicamente, via fax o e-mail. I relativi dati di contatto sono facilmente disponibili sul nostro sito web. Se lo desiderate, potete anche fissare un appuntamento presso la nostra sede. L\u2019indirizzo della nostra azienda a Winterthur e le indicazioni stradali sono anch\u2019essi disponibili sul nostro sito. Saremo lieti di ricevere la vostra richiesta e di prepararvi un\u2019offerta per la burattatura.<\/p>\n<\/div><\/div>\n","protected":false},"excerpt":{"rendered":"<p>Burattatura Sbavatura Arrotondamento: la burattatura \u00e8 un processo utilizzato per l\u2019arrotondamento dei bordi e la finitura superficiale. La burattatura \u00e8 conosciuta anche come lavorazione a vibrofinitura. Sbaviamo e arrotondiamo i &#8230;<\/p>\n","protected":false},"author":1,"featured_media":11960,"parent":0,"menu_order":0,"comment_status":"closed","ping_status":"closed","template":"","meta":{"_coblocks_attr":"","_coblocks_dimensions":"","_coblocks_responsive_height":"","_coblocks_accordion_ie_support":"","pgc_sgb_lightbox_settings":"","footnotes":""},"class_list":["post-10704","page","type-page","status-publish","has-post-thumbnail","hentry"],"yoast_head":"<!-- This site is optimized with the Yoast SEO plugin v27.4 - https:\/\/yoast.com\/product\/yoast-seo-wordpress\/ -->\n<title>Burattatura arrotondamento sbavatura<\/title>\n<meta name=\"description\" content=\"Burattatura, arrotondamento, sbavatura presso Salzgeber AG Winterthur. Fornitore di servizi per burattatura, arrotondamento e sbavatura\" \/>\n<meta name=\"robots\" content=\"index, follow, max-snippet:-1, max-image-preview:large, max-video-preview:-1\" \/>\n<link rel=\"canonical\" href=\"https:\/\/salzgeberag.ch\/it\/burattatura\/\" \/>\n<meta property=\"og:locale\" content=\"it_IT\" \/>\n<meta property=\"og:type\" content=\"article\" \/>\n<meta property=\"og:title\" content=\"Burattatura arrotondamento sbavatura\" \/>\n<meta property=\"og:description\" content=\"Burattatura, arrotondamento, sbavatura presso Salzgeber AG Winterthur. Fornitore di servizi per burattatura, arrotondamento e sbavatura\" \/>\n<meta property=\"og:url\" content=\"https:\/\/salzgeberag.ch\/it\/burattatura\/\" \/>\n<meta property=\"og:site_name\" content=\"Salzgeber AG Winterthur\" \/>\n<meta property=\"article:modified_time\" content=\"2026-04-12T10:14:31+00:00\" \/>\n<meta property=\"og:image\" content=\"https:\/\/salzgeberag.ch\/it\/wp-content\/uploads\/2024\/06\/Laser.jpg\" \/>\n\t<meta property=\"og:image:width\" content=\"1909\" \/>\n\t<meta property=\"og:image:height\" content=\"754\" \/>\n\t<meta property=\"og:image:type\" content=\"image\/jpeg\" \/>\n<meta name=\"twitter:card\" content=\"summary_large_image\" \/>\n<meta name=\"twitter:label1\" content=\"Tempo di lettura stimato\" \/>\n\t<meta name=\"twitter:data1\" content=\"4 minuti\" \/>\n<script type=\"application\/ld+json\" class=\"yoast-schema-graph\">{\"@context\":\"https:\\\/\\\/schema.org\",\"@graph\":[{\"@type\":\"WebPage\",\"@id\":\"https:\\\/\\\/salzgeberag.ch\\\/it\\\/burattatura\\\/\",\"url\":\"https:\\\/\\\/salzgeberag.ch\\\/it\\\/burattatura\\\/\",\"name\":\"Burattatura arrotondamento sbavatura\",\"isPartOf\":{\"@id\":\"https:\\\/\\\/salzgeberag.ch\\\/it\\\/#website\"},\"primaryImageOfPage\":{\"@id\":\"https:\\\/\\\/salzgeberag.ch\\\/it\\\/burattatura\\\/#primaryimage\"},\"image\":{\"@id\":\"https:\\\/\\\/salzgeberag.ch\\\/it\\\/burattatura\\\/#primaryimage\"},\"thumbnailUrl\":\"https:\\\/\\\/salzgeberag.ch\\\/it\\\/wp-content\\\/uploads\\\/2024\\\/06\\\/Laser.jpg\",\"datePublished\":\"2024-04-06T15:09:59+00:00\",\"dateModified\":\"2026-04-12T10:14:31+00:00\",\"description\":\"Burattatura, arrotondamento, sbavatura presso Salzgeber AG Winterthur. Fornitore di servizi per burattatura, arrotondamento e sbavatura\",\"breadcrumb\":{\"@id\":\"https:\\\/\\\/salzgeberag.ch\\\/it\\\/burattatura\\\/#breadcrumb\"},\"inLanguage\":\"it-IT\",\"potentialAction\":[{\"@type\":\"ReadAction\",\"target\":[\"https:\\\/\\\/salzgeberag.ch\\\/it\\\/burattatura\\\/\"]}]},{\"@type\":\"ImageObject\",\"inLanguage\":\"it-IT\",\"@id\":\"https:\\\/\\\/salzgeberag.ch\\\/it\\\/burattatura\\\/#primaryimage\",\"url\":\"https:\\\/\\\/salzgeberag.ch\\\/it\\\/wp-content\\\/uploads\\\/2024\\\/06\\\/Laser.jpg\",\"contentUrl\":\"https:\\\/\\\/salzgeberag.ch\\\/it\\\/wp-content\\\/uploads\\\/2024\\\/06\\\/Laser.jpg\",\"width\":1909,\"height\":754},{\"@type\":\"BreadcrumbList\",\"@id\":\"https:\\\/\\\/salzgeberag.ch\\\/it\\\/burattatura\\\/#breadcrumb\",\"itemListElement\":[{\"@type\":\"ListItem\",\"position\":1,\"name\":\"Start\",\"item\":\"https:\\\/\\\/salzgeberag.ch\\\/it\\\/\"},{\"@type\":\"ListItem\",\"position\":2,\"name\":\"Burattatura\"}]},{\"@type\":\"WebSite\",\"@id\":\"https:\\\/\\\/salzgeberag.ch\\\/it\\\/#website\",\"url\":\"https:\\\/\\\/salzgeberag.ch\\\/it\\\/\",\"name\":\"Salzgeber AG Winterthur\",\"description\":\"Impiantistica industriale, Costruzione di apparecchiature, Lavorazione della lamiera, Taglio a getto d\u2019acqua e Taglio laser\",\"publisher\":{\"@id\":\"https:\\\/\\\/salzgeberag.ch\\\/it\\\/#organization\"},\"potentialAction\":[{\"@type\":\"SearchAction\",\"target\":{\"@type\":\"EntryPoint\",\"urlTemplate\":\"https:\\\/\\\/salzgeberag.ch\\\/it\\\/?s={search_term_string}\"},\"query-input\":{\"@type\":\"PropertyValueSpecification\",\"valueRequired\":true,\"valueName\":\"search_term_string\"}}],\"inLanguage\":\"it-IT\"},{\"@type\":\"Organization\",\"@id\":\"https:\\\/\\\/salzgeberag.ch\\\/it\\\/#organization\",\"name\":\"Salzgeber AG Winterthur\",\"url\":\"https:\\\/\\\/salzgeberag.ch\\\/it\\\/\",\"logo\":{\"@type\":\"ImageObject\",\"inLanguage\":\"it-IT\",\"@id\":\"https:\\\/\\\/salzgeberag.ch\\\/it\\\/#\\\/schema\\\/logo\\\/image\\\/\",\"url\":\"https:\\\/\\\/salzgeberag.ch\\\/it\\\/wp-content\\\/uploads\\\/2024\\\/05\\\/Salzgeber-AG-logoNeu.jpg\",\"contentUrl\":\"https:\\\/\\\/salzgeberag.ch\\\/it\\\/wp-content\\\/uploads\\\/2024\\\/05\\\/Salzgeber-AG-logoNeu.jpg\",\"width\":532,\"height\":480,\"caption\":\"Salzgeber AG Winterthur\"},\"image\":{\"@id\":\"https:\\\/\\\/salzgeberag.ch\\\/it\\\/#\\\/schema\\\/logo\\\/image\\\/\"}}]}<\/script>\n<!-- \/ Yoast SEO plugin. -->","yoast_head_json":{"title":"Burattatura arrotondamento sbavatura","description":"Burattatura, arrotondamento, sbavatura presso Salzgeber AG Winterthur. Fornitore di servizi per burattatura, arrotondamento e sbavatura","robots":{"index":"index","follow":"follow","max-snippet":"max-snippet:-1","max-image-preview":"max-image-preview:large","max-video-preview":"max-video-preview:-1"},"canonical":"https:\/\/salzgeberag.ch\/it\/burattatura\/","og_locale":"it_IT","og_type":"article","og_title":"Burattatura arrotondamento sbavatura","og_description":"Burattatura, arrotondamento, sbavatura presso Salzgeber AG Winterthur. Fornitore di servizi per burattatura, arrotondamento e sbavatura","og_url":"https:\/\/salzgeberag.ch\/it\/burattatura\/","og_site_name":"Salzgeber AG Winterthur","article_modified_time":"2026-04-12T10:14:31+00:00","og_image":[{"width":1909,"height":754,"url":"https:\/\/salzgeberag.ch\/it\/wp-content\/uploads\/2024\/06\/Laser.jpg","type":"image\/jpeg"}],"twitter_card":"summary_large_image","twitter_misc":{"Tempo di lettura stimato":"4 minuti"},"schema":{"@context":"https:\/\/schema.org","@graph":[{"@type":"WebPage","@id":"https:\/\/salzgeberag.ch\/it\/burattatura\/","url":"https:\/\/salzgeberag.ch\/it\/burattatura\/","name":"Burattatura arrotondamento sbavatura","isPartOf":{"@id":"https:\/\/salzgeberag.ch\/it\/#website"},"primaryImageOfPage":{"@id":"https:\/\/salzgeberag.ch\/it\/burattatura\/#primaryimage"},"image":{"@id":"https:\/\/salzgeberag.ch\/it\/burattatura\/#primaryimage"},"thumbnailUrl":"https:\/\/salzgeberag.ch\/it\/wp-content\/uploads\/2024\/06\/Laser.jpg","datePublished":"2024-04-06T15:09:59+00:00","dateModified":"2026-04-12T10:14:31+00:00","description":"Burattatura, arrotondamento, sbavatura presso Salzgeber AG Winterthur. Fornitore di servizi per burattatura, arrotondamento e sbavatura","breadcrumb":{"@id":"https:\/\/salzgeberag.ch\/it\/burattatura\/#breadcrumb"},"inLanguage":"it-IT","potentialAction":[{"@type":"ReadAction","target":["https:\/\/salzgeberag.ch\/it\/burattatura\/"]}]},{"@type":"ImageObject","inLanguage":"it-IT","@id":"https:\/\/salzgeberag.ch\/it\/burattatura\/#primaryimage","url":"https:\/\/salzgeberag.ch\/it\/wp-content\/uploads\/2024\/06\/Laser.jpg","contentUrl":"https:\/\/salzgeberag.ch\/it\/wp-content\/uploads\/2024\/06\/Laser.jpg","width":1909,"height":754},{"@type":"BreadcrumbList","@id":"https:\/\/salzgeberag.ch\/it\/burattatura\/#breadcrumb","itemListElement":[{"@type":"ListItem","position":1,"name":"Start","item":"https:\/\/salzgeberag.ch\/it\/"},{"@type":"ListItem","position":2,"name":"Burattatura"}]},{"@type":"WebSite","@id":"https:\/\/salzgeberag.ch\/it\/#website","url":"https:\/\/salzgeberag.ch\/it\/","name":"Salzgeber AG Winterthur","description":"Impiantistica industriale, Costruzione di apparecchiature, Lavorazione della lamiera, Taglio a getto d\u2019acqua e Taglio laser","publisher":{"@id":"https:\/\/salzgeberag.ch\/it\/#organization"},"potentialAction":[{"@type":"SearchAction","target":{"@type":"EntryPoint","urlTemplate":"https:\/\/salzgeberag.ch\/it\/?s={search_term_string}"},"query-input":{"@type":"PropertyValueSpecification","valueRequired":true,"valueName":"search_term_string"}}],"inLanguage":"it-IT"},{"@type":"Organization","@id":"https:\/\/salzgeberag.ch\/it\/#organization","name":"Salzgeber AG Winterthur","url":"https:\/\/salzgeberag.ch\/it\/","logo":{"@type":"ImageObject","inLanguage":"it-IT","@id":"https:\/\/salzgeberag.ch\/it\/#\/schema\/logo\/image\/","url":"https:\/\/salzgeberag.ch\/it\/wp-content\/uploads\/2024\/05\/Salzgeber-AG-logoNeu.jpg","contentUrl":"https:\/\/salzgeberag.ch\/it\/wp-content\/uploads\/2024\/05\/Salzgeber-AG-logoNeu.jpg","width":532,"height":480,"caption":"Salzgeber AG Winterthur"},"image":{"@id":"https:\/\/salzgeberag.ch\/it\/#\/schema\/logo\/image\/"}}]}},"_links":{"self":[{"href":"https:\/\/salzgeberag.ch\/it\/wp-json\/wp\/v2\/pages\/10704","targetHints":{"allow":["GET"]}}],"collection":[{"href":"https:\/\/salzgeberag.ch\/it\/wp-json\/wp\/v2\/pages"}],"about":[{"href":"https:\/\/salzgeberag.ch\/it\/wp-json\/wp\/v2\/types\/page"}],"author":[{"embeddable":true,"href":"https:\/\/salzgeberag.ch\/it\/wp-json\/wp\/v2\/users\/1"}],"replies":[{"embeddable":true,"href":"https:\/\/salzgeberag.ch\/it\/wp-json\/wp\/v2\/comments?post=10704"}],"version-history":[{"count":42,"href":"https:\/\/salzgeberag.ch\/it\/wp-json\/wp\/v2\/pages\/10704\/revisions"}],"predecessor-version":[{"id":12446,"href":"https:\/\/salzgeberag.ch\/it\/wp-json\/wp\/v2\/pages\/10704\/revisions\/12446"}],"wp:featuredmedia":[{"embeddable":true,"href":"https:\/\/salzgeberag.ch\/it\/wp-json\/wp\/v2\/media\/11960"}],"wp:attachment":[{"href":"https:\/\/salzgeberag.ch\/it\/wp-json\/wp\/v2\/media?parent=10704"}],"curies":[{"name":"wp","href":"https:\/\/api.w.org\/{rel}","templated":true}]}}