{"id":10856,"date":"2024-05-30T13:50:04","date_gmt":"2024-05-30T11:50:04","guid":{"rendered":"https:\/\/www.salzgeberag.ch\/?page_id=10856"},"modified":"2026-04-12T13:34:53","modified_gmt":"2026-04-12T11:34:53","slug":"piastra-valvola-epx180-giallo","status":"publish","type":"page","link":"https:\/\/salzgeberag.ch\/it\/piastra-valvola-epx180-giallo\/","title":{"rendered":"Piastra valvola EPX180 (giallo)"},"content":{"rendered":"\n<div class=\"wp-block-columns animated fadeInRight is-layout-flex wp-container-core-columns-is-layout-9d6595d7 wp-block-columns-is-layout-flex\">\n<div class=\"wp-block-column is-vertically-aligned-center is-layout-flow wp-block-column-is-layout-flow\">\n<p class=\"has-text-color has-link-color has-medium-font-size wp-elements-72e9ecd632a41ec0a1af876034bbd021\" style=\"color:#1c1f66\"><strong>Piastra valvola<\/strong> <strong>EPX180<\/strong> <img loading=\"lazy\" decoding=\"async\" width=\"32\" height=\"32\" class=\"wp-image-11569\" style=\"width: 32px;\" src=\"https:\/\/www.salzgeberag.ch\/it\/wp-content\/uploads\/2024\/06\/arrow-right.png\" alt=\"\"><\/p>\n\n\n\n<div style=\"height:10px\" aria-hidden=\"true\" class=\"wp-block-spacer\"><\/div>\n\n\n<div class=\"wp-block-coblocks-shape-divider is-style-angled is-horizontally-flipped mt-0 mb-0\" style=\"color: #1c1f66;\" aria-hidden=\"true\">\n\t\t\t<div class=\"wp-block-coblocks-shape-divider__svg-wrapper\" style=\"height:2px;\">\n\t\t\t\t<svg class=\"divider--angled\" aria-hidden xmlns=\"http:\/\/www.w3.org\/2000\/svg\" viewBox=\"0 0 100 100\" preserveAspectRatio=\"none\"><polygon points=\"0,100 100,0 100,100\" \/><\/svg>\n\t\t\t<\/div>\n\t\t\t<div class=\"wp-block-coblocks-shape-divider__alt-wrapper\" style=\"height:0px;\"><\/div>\n\t\t<\/div><\/div>\n\n\n\n<div class=\"wp-block-column is-vertically-aligned-center is-layout-flow wp-block-column-is-layout-flow\">\n<p class=\"has-text-color has-link-color wp-elements-a34d742266d71bddda543d2d02e09c3c\" style=\"color:#1c1f66\"><strong>Dati tecnici<\/strong> <img loading=\"lazy\" decoding=\"async\" width=\"32\" height=\"32\" class=\"wp-image-11569\" style=\"width: 32px;\" src=\"https:\/\/www.salzgeberag.ch\/it\/wp-content\/uploads\/2024\/06\/arrow-right.png\" alt=\"\"><\/p>\n\n\n\n<div style=\"height:15px\" aria-hidden=\"true\" class=\"wp-block-spacer\"><\/div>\n\n\n<div class=\"wp-block-coblocks-shape-divider is-style-angled is-horizontally-flipped mt-0 mb-0\" style=\"color: #1c1f66;\" aria-hidden=\"true\">\n\t\t\t<div class=\"wp-block-coblocks-shape-divider__svg-wrapper\" style=\"height:2px;\">\n\t\t\t\t<svg class=\"divider--angled\" aria-hidden xmlns=\"http:\/\/www.w3.org\/2000\/svg\" viewBox=\"0 0 100 100\" preserveAspectRatio=\"none\"><polygon points=\"0,100 100,0 100,100\" \/><\/svg>\n\t\t\t<\/div>\n\t\t\t<div class=\"wp-block-coblocks-shape-divider__alt-wrapper\" style=\"height:0px;\"><\/div>\n\t\t<\/div><\/div>\n\n\n\n<div class=\"wp-block-column is-vertically-aligned-bottom is-layout-flow wp-block-column-is-layout-flow\">\n<div class=\"wp-block-columns is-layout-flex wp-container-core-columns-is-layout-9d6595d7 wp-block-columns-is-layout-flex\">\n<div class=\"wp-block-column is-vertically-aligned-bottom is-layout-flow wp-block-column-is-layout-flow\">\n<p><strong><a href=\"https:\/\/www.salzgeberag.ch\/it\/kontakt\/\">Prezzi su richiesta<\/a><\/strong><\/p>\n<\/div>\n\n\n\n<div class=\"wp-block-column is-vertically-aligned-bottom is-layout-flow wp-block-column-is-layout-flow\">\n<p><strong><a href=\"https:\/\/www.salzgeberag.ch\/it\/wp-content\/uploads\/2024\/06\/EPX-180-gelb-1.pdf\" target=\"_blank\" rel=\"noreferrer noopener\">EPX 180 (giallo).pdf<\/a><\/strong><\/p>\n<\/div>\n<\/div>\n\n\n<div class=\"wp-block-coblocks-shape-divider is-style-angled is-horizontally-flipped mt-0 mb-0\" style=\"color: #1c1f66;\" aria-hidden=\"true\">\n\t\t\t<div class=\"wp-block-coblocks-shape-divider__svg-wrapper\" style=\"height:2px;\">\n\t\t\t\t<svg class=\"divider--angled\" aria-hidden xmlns=\"http:\/\/www.w3.org\/2000\/svg\" viewBox=\"0 0 100 100\" preserveAspectRatio=\"none\"><polygon points=\"0,100 100,0 100,100\" \/><\/svg>\n\t\t\t<\/div>\n\t\t\t<div class=\"wp-block-coblocks-shape-divider__alt-wrapper\" style=\"height:0px;\"><\/div>\n\t\t<\/div><\/div>\n<\/div>\n\n\n\n<div style=\"height:60px\" aria-hidden=\"true\" class=\"wp-block-spacer\"><\/div>\n\n\n\n<div class=\"wp-block-columns animated fadeInLeft is-layout-flex wp-container-core-columns-is-layout-9d6595d7 wp-block-columns-is-layout-flex\">\n<div class=\"wp-block-column is-layout-flow wp-block-column-is-layout-flow\">\n<div class=\"wp-block-columns is-layout-flex wp-container-core-columns-is-layout-9d6595d7 wp-block-columns-is-layout-flex\">\n<div class=\"wp-block-column is-layout-flow wp-block-column-is-layout-flow\">\n<figure class=\"wp-block-image size-full has-lightbox\"><img loading=\"lazy\" decoding=\"async\" width=\"300\" height=\"169\" src=\"https:\/\/www.salzgeberag.ch\/it\/wp-content\/uploads\/2024\/06\/1-9.jpg\" alt=\"\" class=\"wp-image-11706\"\/><\/figure>\n\n\n\n<div style=\"height:25px\" aria-hidden=\"true\" class=\"wp-block-spacer\"><\/div>\n\n\n\n<p class=\"has-text-align-center has-white-color has-text-color has-background has-link-color wp-elements-395b91326205ab7ee31d34a09d7297f0\" style=\"background-color:#1c1f66\"><strong>Piastra valvola \u00d8213 x 3 in EPX180<\/strong><\/p>\n<\/div>\n\n\n\n<div class=\"wp-block-column is-layout-flow wp-block-column-is-layout-flow\">\n<figure class=\"wp-block-image size-full has-lightbox\"><img loading=\"lazy\" decoding=\"async\" width=\"300\" height=\"169\" src=\"https:\/\/www.salzgeberag.ch\/it\/wp-content\/uploads\/2024\/06\/2-11.jpg\" alt=\"\" class=\"wp-image-11708\"\/><\/figure>\n\n\n\n<div style=\"height:25px\" aria-hidden=\"true\" class=\"wp-block-spacer\"><\/div>\n\n\n\n<p class=\"has-text-align-center has-white-color has-text-color has-background has-link-color wp-elements-dd4cbedac3d8f380b8a2449c7f218649\" style=\"background-color:#1c1f66\"><strong>Piastra valvola \u00d8197 x 3 in EPX180<\/strong><\/p>\n<\/div>\n<\/div>\n<\/div>\n\n\n\n<div class=\"wp-block-column is-layout-flow wp-block-column-is-layout-flow\">\n<div class=\"wp-block-columns is-layout-flex wp-container-core-columns-is-layout-9d6595d7 wp-block-columns-is-layout-flex\">\n<div class=\"wp-block-column is-layout-flow wp-block-column-is-layout-flow\">\n<figure class=\"wp-block-image size-full has-lightbox\"><img loading=\"lazy\" decoding=\"async\" width=\"300\" height=\"169\" src=\"https:\/\/www.salzgeberag.ch\/it\/wp-content\/uploads\/2024\/06\/3-8.jpg\" alt=\"\" class=\"wp-image-11709\"\/><\/figure>\n\n\n\n<div style=\"height:25px\" aria-hidden=\"true\" class=\"wp-block-spacer\"><\/div>\n\n\n\n<p class=\"has-text-align-center has-white-color has-text-color has-background has-link-color wp-elements-39721b5a837a17d3673213da6349a7b4\" style=\"background-color:#1c1f66\"><strong>Piastra valvola \u00d8177 x 3 in EPX180<\/strong><\/p>\n<\/div>\n\n\n\n<div class=\"wp-block-column is-layout-flow wp-block-column-is-layout-flow\">\n<figure class=\"wp-block-image size-full has-lightbox\"><img loading=\"lazy\" decoding=\"async\" width=\"300\" height=\"169\" src=\"https:\/\/www.salzgeberag.ch\/it\/wp-content\/uploads\/2024\/06\/4-8.jpg\" alt=\"\" class=\"wp-image-11710\"\/><\/figure>\n\n\n\n<div style=\"height:25px\" aria-hidden=\"true\" class=\"wp-block-spacer\"><\/div>\n\n\n\n<p class=\"has-text-align-center is-style-default has-white-color has-text-color has-background has-link-color wp-elements-79c9182cb42603b1a807e3da3cadad7a\" style=\"background-color:#1c1f66\"><strong>Piastra valvola \u00d8157 x 3 in EPX180<\/strong><\/p>\n<\/div>\n<\/div>\n<\/div>\n<\/div>\n","protected":false},"excerpt":{"rendered":"<p>Piastra valvola EPX180 Dati tecnici Prezzi su richiesta EPX 180 (giallo).pdf Piastra valvola \u00d8213 x 3 in EPX180 Piastra valvola \u00d8197 x 3 in EPX180 Piastra valvola \u00d8177 x 3 &#8230;<\/p>\n","protected":false},"author":1,"featured_media":11960,"parent":0,"menu_order":0,"comment_status":"closed","ping_status":"closed","template":"","meta":{"_coblocks_attr":"","_coblocks_dimensions":"","_coblocks_responsive_height":"","_coblocks_accordion_ie_support":"","pgc_sgb_lightbox_settings":"","footnotes":""},"class_list":["post-10856","page","type-page","status-publish","has-post-thumbnail","hentry"],"yoast_head":"<!-- This site is optimized with the Yoast SEO plugin v27.4 - https:\/\/yoast.com\/product\/yoast-seo-wordpress\/ -->\n<title>Piastra valvola EPX180 (giallo) - Salzgeber AG Winterthur<\/title>\n<meta name=\"robots\" content=\"index, follow, max-snippet:-1, max-image-preview:large, max-video-preview:-1\" \/>\n<link rel=\"canonical\" href=\"https:\/\/salzgeberag.ch\/it\/piastra-valvola-epx180-giallo\/\" \/>\n<meta property=\"og:locale\" content=\"it_IT\" \/>\n<meta property=\"og:type\" content=\"article\" \/>\n<meta property=\"og:title\" content=\"Piastra valvola EPX180 (giallo) - Salzgeber AG Winterthur\" \/>\n<meta property=\"og:description\" content=\"Piastra valvola EPX180 Dati tecnici Prezzi su richiesta EPX 180 (giallo).pdf Piastra valvola \u00d8213 x 3 in EPX180 Piastra valvola \u00d8197 x 3 in EPX180 Piastra valvola \u00d8177 x 3 ...\" \/>\n<meta property=\"og:url\" content=\"https:\/\/salzgeberag.ch\/it\/piastra-valvola-epx180-giallo\/\" \/>\n<meta property=\"og:site_name\" content=\"Salzgeber AG Winterthur\" \/>\n<meta property=\"article:modified_time\" content=\"2026-04-12T11:34:53+00:00\" \/>\n<meta property=\"og:image\" content=\"https:\/\/salzgeberag.ch\/it\/wp-content\/uploads\/2024\/06\/Laser.jpg\" \/>\n\t<meta property=\"og:image:width\" content=\"1909\" \/>\n\t<meta property=\"og:image:height\" content=\"754\" \/>\n\t<meta property=\"og:image:type\" content=\"image\/jpeg\" \/>\n<meta name=\"twitter:card\" content=\"summary_large_image\" \/>\n<meta name=\"twitter:label1\" content=\"Tempo di lettura stimato\" \/>\n\t<meta name=\"twitter:data1\" content=\"2 minuti\" \/>\n<script type=\"application\/ld+json\" class=\"yoast-schema-graph\">{\"@context\":\"https:\\\/\\\/schema.org\",\"@graph\":[{\"@type\":\"WebPage\",\"@id\":\"https:\\\/\\\/salzgeberag.ch\\\/it\\\/piastra-valvola-epx180-giallo\\\/\",\"url\":\"https:\\\/\\\/salzgeberag.ch\\\/it\\\/piastra-valvola-epx180-giallo\\\/\",\"name\":\"Piastra valvola EPX180 (giallo) - Salzgeber AG Winterthur\",\"isPartOf\":{\"@id\":\"https:\\\/\\\/salzgeberag.ch\\\/it\\\/#website\"},\"primaryImageOfPage\":{\"@id\":\"https:\\\/\\\/salzgeberag.ch\\\/it\\\/piastra-valvola-epx180-giallo\\\/#primaryimage\"},\"image\":{\"@id\":\"https:\\\/\\\/salzgeberag.ch\\\/it\\\/piastra-valvola-epx180-giallo\\\/#primaryimage\"},\"thumbnailUrl\":\"https:\\\/\\\/salzgeberag.ch\\\/it\\\/wp-content\\\/uploads\\\/2024\\\/06\\\/Laser.jpg\",\"datePublished\":\"2024-05-30T11:50:04+00:00\",\"dateModified\":\"2026-04-12T11:34:53+00:00\",\"breadcrumb\":{\"@id\":\"https:\\\/\\\/salzgeberag.ch\\\/it\\\/piastra-valvola-epx180-giallo\\\/#breadcrumb\"},\"inLanguage\":\"it-IT\",\"potentialAction\":[{\"@type\":\"ReadAction\",\"target\":[\"https:\\\/\\\/salzgeberag.ch\\\/it\\\/piastra-valvola-epx180-giallo\\\/\"]}]},{\"@type\":\"ImageObject\",\"inLanguage\":\"it-IT\",\"@id\":\"https:\\\/\\\/salzgeberag.ch\\\/it\\\/piastra-valvola-epx180-giallo\\\/#primaryimage\",\"url\":\"https:\\\/\\\/salzgeberag.ch\\\/it\\\/wp-content\\\/uploads\\\/2024\\\/06\\\/Laser.jpg\",\"contentUrl\":\"https:\\\/\\\/salzgeberag.ch\\\/it\\\/wp-content\\\/uploads\\\/2024\\\/06\\\/Laser.jpg\",\"width\":1909,\"height\":754},{\"@type\":\"BreadcrumbList\",\"@id\":\"https:\\\/\\\/salzgeberag.ch\\\/it\\\/piastra-valvola-epx180-giallo\\\/#breadcrumb\",\"itemListElement\":[{\"@type\":\"ListItem\",\"position\":1,\"name\":\"Start\",\"item\":\"https:\\\/\\\/salzgeberag.ch\\\/it\\\/\"},{\"@type\":\"ListItem\",\"position\":2,\"name\":\"Piastra valvola EPX180 (giallo)\"}]},{\"@type\":\"WebSite\",\"@id\":\"https:\\\/\\\/salzgeberag.ch\\\/it\\\/#website\",\"url\":\"https:\\\/\\\/salzgeberag.ch\\\/it\\\/\",\"name\":\"Salzgeber AG Winterthur\",\"description\":\"Impiantistica industriale, Costruzione di apparecchiature, Lavorazione della lamiera, Taglio a getto d\u2019acqua e Taglio laser\",\"publisher\":{\"@id\":\"https:\\\/\\\/salzgeberag.ch\\\/it\\\/#organization\"},\"potentialAction\":[{\"@type\":\"SearchAction\",\"target\":{\"@type\":\"EntryPoint\",\"urlTemplate\":\"https:\\\/\\\/salzgeberag.ch\\\/it\\\/?s={search_term_string}\"},\"query-input\":{\"@type\":\"PropertyValueSpecification\",\"valueRequired\":true,\"valueName\":\"search_term_string\"}}],\"inLanguage\":\"it-IT\"},{\"@type\":\"Organization\",\"@id\":\"https:\\\/\\\/salzgeberag.ch\\\/it\\\/#organization\",\"name\":\"Salzgeber AG Winterthur\",\"url\":\"https:\\\/\\\/salzgeberag.ch\\\/it\\\/\",\"logo\":{\"@type\":\"ImageObject\",\"inLanguage\":\"it-IT\",\"@id\":\"https:\\\/\\\/salzgeberag.ch\\\/it\\\/#\\\/schema\\\/logo\\\/image\\\/\",\"url\":\"https:\\\/\\\/salzgeberag.ch\\\/it\\\/wp-content\\\/uploads\\\/2024\\\/05\\\/Salzgeber-AG-logoNeu.jpg\",\"contentUrl\":\"https:\\\/\\\/salzgeberag.ch\\\/it\\\/wp-content\\\/uploads\\\/2024\\\/05\\\/Salzgeber-AG-logoNeu.jpg\",\"width\":532,\"height\":480,\"caption\":\"Salzgeber AG Winterthur\"},\"image\":{\"@id\":\"https:\\\/\\\/salzgeberag.ch\\\/it\\\/#\\\/schema\\\/logo\\\/image\\\/\"}}]}<\/script>\n<!-- \/ Yoast SEO plugin. -->","yoast_head_json":{"title":"Piastra valvola EPX180 (giallo) - Salzgeber AG Winterthur","robots":{"index":"index","follow":"follow","max-snippet":"max-snippet:-1","max-image-preview":"max-image-preview:large","max-video-preview":"max-video-preview:-1"},"canonical":"https:\/\/salzgeberag.ch\/it\/piastra-valvola-epx180-giallo\/","og_locale":"it_IT","og_type":"article","og_title":"Piastra valvola EPX180 (giallo) - Salzgeber AG Winterthur","og_description":"Piastra valvola EPX180 Dati tecnici Prezzi su richiesta EPX 180 (giallo).pdf Piastra valvola \u00d8213 x 3 in EPX180 Piastra valvola \u00d8197 x 3 in EPX180 Piastra valvola \u00d8177 x 3 ...","og_url":"https:\/\/salzgeberag.ch\/it\/piastra-valvola-epx180-giallo\/","og_site_name":"Salzgeber AG Winterthur","article_modified_time":"2026-04-12T11:34:53+00:00","og_image":[{"width":1909,"height":754,"url":"https:\/\/salzgeberag.ch\/it\/wp-content\/uploads\/2024\/06\/Laser.jpg","type":"image\/jpeg"}],"twitter_card":"summary_large_image","twitter_misc":{"Tempo di lettura stimato":"2 minuti"},"schema":{"@context":"https:\/\/schema.org","@graph":[{"@type":"WebPage","@id":"https:\/\/salzgeberag.ch\/it\/piastra-valvola-epx180-giallo\/","url":"https:\/\/salzgeberag.ch\/it\/piastra-valvola-epx180-giallo\/","name":"Piastra valvola EPX180 (giallo) - Salzgeber AG Winterthur","isPartOf":{"@id":"https:\/\/salzgeberag.ch\/it\/#website"},"primaryImageOfPage":{"@id":"https:\/\/salzgeberag.ch\/it\/piastra-valvola-epx180-giallo\/#primaryimage"},"image":{"@id":"https:\/\/salzgeberag.ch\/it\/piastra-valvola-epx180-giallo\/#primaryimage"},"thumbnailUrl":"https:\/\/salzgeberag.ch\/it\/wp-content\/uploads\/2024\/06\/Laser.jpg","datePublished":"2024-05-30T11:50:04+00:00","dateModified":"2026-04-12T11:34:53+00:00","breadcrumb":{"@id":"https:\/\/salzgeberag.ch\/it\/piastra-valvola-epx180-giallo\/#breadcrumb"},"inLanguage":"it-IT","potentialAction":[{"@type":"ReadAction","target":["https:\/\/salzgeberag.ch\/it\/piastra-valvola-epx180-giallo\/"]}]},{"@type":"ImageObject","inLanguage":"it-IT","@id":"https:\/\/salzgeberag.ch\/it\/piastra-valvola-epx180-giallo\/#primaryimage","url":"https:\/\/salzgeberag.ch\/it\/wp-content\/uploads\/2024\/06\/Laser.jpg","contentUrl":"https:\/\/salzgeberag.ch\/it\/wp-content\/uploads\/2024\/06\/Laser.jpg","width":1909,"height":754},{"@type":"BreadcrumbList","@id":"https:\/\/salzgeberag.ch\/it\/piastra-valvola-epx180-giallo\/#breadcrumb","itemListElement":[{"@type":"ListItem","position":1,"name":"Start","item":"https:\/\/salzgeberag.ch\/it\/"},{"@type":"ListItem","position":2,"name":"Piastra valvola EPX180 (giallo)"}]},{"@type":"WebSite","@id":"https:\/\/salzgeberag.ch\/it\/#website","url":"https:\/\/salzgeberag.ch\/it\/","name":"Salzgeber AG Winterthur","description":"Impiantistica industriale, Costruzione di apparecchiature, Lavorazione della lamiera, Taglio a getto d\u2019acqua e Taglio laser","publisher":{"@id":"https:\/\/salzgeberag.ch\/it\/#organization"},"potentialAction":[{"@type":"SearchAction","target":{"@type":"EntryPoint","urlTemplate":"https:\/\/salzgeberag.ch\/it\/?s={search_term_string}"},"query-input":{"@type":"PropertyValueSpecification","valueRequired":true,"valueName":"search_term_string"}}],"inLanguage":"it-IT"},{"@type":"Organization","@id":"https:\/\/salzgeberag.ch\/it\/#organization","name":"Salzgeber AG Winterthur","url":"https:\/\/salzgeberag.ch\/it\/","logo":{"@type":"ImageObject","inLanguage":"it-IT","@id":"https:\/\/salzgeberag.ch\/it\/#\/schema\/logo\/image\/","url":"https:\/\/salzgeberag.ch\/it\/wp-content\/uploads\/2024\/05\/Salzgeber-AG-logoNeu.jpg","contentUrl":"https:\/\/salzgeberag.ch\/it\/wp-content\/uploads\/2024\/05\/Salzgeber-AG-logoNeu.jpg","width":532,"height":480,"caption":"Salzgeber AG Winterthur"},"image":{"@id":"https:\/\/salzgeberag.ch\/it\/#\/schema\/logo\/image\/"}}]}},"_links":{"self":[{"href":"https:\/\/salzgeberag.ch\/it\/wp-json\/wp\/v2\/pages\/10856","targetHints":{"allow":["GET"]}}],"collection":[{"href":"https:\/\/salzgeberag.ch\/it\/wp-json\/wp\/v2\/pages"}],"about":[{"href":"https:\/\/salzgeberag.ch\/it\/wp-json\/wp\/v2\/types\/page"}],"author":[{"embeddable":true,"href":"https:\/\/salzgeberag.ch\/it\/wp-json\/wp\/v2\/users\/1"}],"replies":[{"embeddable":true,"href":"https:\/\/salzgeberag.ch\/it\/wp-json\/wp\/v2\/comments?post=10856"}],"version-history":[{"count":9,"href":"https:\/\/salzgeberag.ch\/it\/wp-json\/wp\/v2\/pages\/10856\/revisions"}],"predecessor-version":[{"id":12471,"href":"https:\/\/salzgeberag.ch\/it\/wp-json\/wp\/v2\/pages\/10856\/revisions\/12471"}],"wp:featuredmedia":[{"embeddable":true,"href":"https:\/\/salzgeberag.ch\/it\/wp-json\/wp\/v2\/media\/11960"}],"wp:attachment":[{"href":"https:\/\/salzgeberag.ch\/it\/wp-json\/wp\/v2\/media?parent=10856"}],"curies":[{"name":"wp","href":"https:\/\/api.w.org\/{rel}","templated":true}]}}