{"id":26,"date":"2017-06-08T10:01:32","date_gmt":"2017-06-08T08:01:32","guid":{"rendered":"http:\/\/seobest.de\/demo3\/?page_id=26"},"modified":"2026-04-11T12:06:59","modified_gmt":"2026-04-11T10:06:59","slug":"note-legali","status":"publish","type":"page","link":"https:\/\/salzgeberag.ch\/it\/note-legali\/","title":{"rendered":"Note legali"},"content":{"rendered":"\n<div class=\"wp-block-columns is-layout-flex wp-container-core-columns-is-layout-9d6595d7 wp-block-columns-is-layout-flex\">\n<div class=\"wp-block-column is-layout-flow wp-block-column-is-layout-flow\">\n<div class=\"wp-block-group\"><div class=\"wp-block-group__inner-container is-layout-constrained wp-block-group-is-layout-constrained\">\n<p class=\"has-text-align-center\" style=\"font-size:17px\"><strong>Salzgeber AG<\/strong> <br>Harzachstrasse 2b <br>8404 Winterthur<\/p>\n\n\n\n<p class=\"has-text-align-center\" style=\"font-size:17px\">Tel.: +41 (0)52 2336655 <br>Fax: +41 (0)52 2336838 <br>E-Mail: <a href=\"mailto:info@seobest.de\/demo290511\">info@seobest.de\/demo290511<\/a><\/p>\n<\/div><\/div>\n\n\n\n<div style=\"height:50px\" aria-hidden=\"true\" class=\"wp-block-spacer\"><\/div>\n\n\n\n<hr class=\"wp-block-separator has-text-color has-alpha-channel-opacity has-background\" style=\"background-color:#1c1f66;color:#1c1f66\"\/>\n\n\n\n<div style=\"height:50px\" aria-hidden=\"true\" class=\"wp-block-spacer\"><\/div>\n\n\n\n<p class=\"has-text-align-center has-medium-font-size\"><strong>Wegbeschreibung<\/strong><\/p>\n\n\n\n<p class=\"has-text-align-center\">Aus Richtung Z\u00fcrich oder St. Gallen:<\/p>\n\n\n\n<p class=\"has-text-align-center\">A1 nach Winterthur. Ausfahrt Winterthur-Oberwinterthur, von dort in Richtung Stadtmitte, alles auf der Frauenfelderstrasse. Nach dem Bahnhof Oberwinterthur bei der n\u00e4chsten Lichtsignalkreuzung links in die Seenerstrasse einbiegen. Nach einem kurzen St\u00fcck folgt ein Kreisel beim Gr\u00fczepark (OBI), dort \u201egeradeaus\u201c in Richtung Turbenthal. Nach ca. 80m links in die Harzachstrasse einbiegen und bis zum letzten Haus rechts.<\/p>\n\n\n\n<p class=\"has-text-align-center\">Besucherparkpl\u00e4tze direkt vor dem Haus (unbeschriftete Parkpl\u00e4tze).<\/p>\n<\/div>\n\n\n\n<div class=\"wp-block-column is-layout-flow wp-block-column-is-layout-flow\"><div class=\"wp-block-image\">\n<figure class=\"aligncenter size-full is-resized has-lightbox\"><a href=\"https:\/\/www.openstreetmap.org\/#map=18\/47.49455\/8.76537&amp;layers=N\" target=\"_blank\" rel=\"noreferrer noopener\"><img loading=\"lazy\" decoding=\"async\" width=\"567\" height=\"864\" src=\"https:\/\/www.salzgeberag.ch\/it\/wp-content\/uploads\/2024\/05\/Screenshot-2024-05-30-224303.png\" alt=\"\" class=\"wp-image-11088\" style=\"width:auto;height:750px\" srcset=\"https:\/\/salzgeberag.ch\/it\/wp-content\/uploads\/2024\/05\/Screenshot-2024-05-30-224303.png 567w, https:\/\/salzgeberag.ch\/it\/wp-content\/uploads\/2024\/05\/Screenshot-2024-05-30-224303-197x300.png 197w\" sizes=\"auto, (max-width: 567px) 100vw, 567px\" \/><\/a><\/figure>\n<\/div><\/div>\n<\/div>\n","protected":false},"excerpt":{"rendered":"<p>Salzgeber AG Harzachstrasse 2b 8404 Winterthur Tel.: +41 (0)52 2336655 Fax: +41 (0)52 2336838 E-Mail: info@seobest.de\/demo290511 Wegbeschreibung Aus Richtung Z\u00fcrich oder St. Gallen: A1 nach Winterthur. Ausfahrt Winterthur-Oberwinterthur, von dort &#8230;<\/p>\n","protected":false},"author":1,"featured_media":11960,"parent":0,"menu_order":0,"comment_status":"closed","ping_status":"closed","template":"","meta":{"_coblocks_attr":"","_coblocks_dimensions":"","_coblocks_responsive_height":"","_coblocks_accordion_ie_support":"","pgc_sgb_lightbox_settings":"","footnotes":""},"class_list":["post-26","page","type-page","status-publish","has-post-thumbnail","hentry"],"yoast_head":"<!-- This site is optimized with the Yoast SEO plugin v27.4 - https:\/\/yoast.com\/product\/yoast-seo-wordpress\/ -->\n<title>Note legali - Salzgeber AG Winterthur<\/title>\n<meta name=\"robots\" content=\"index, follow, max-snippet:-1, max-image-preview:large, max-video-preview:-1\" \/>\n<link rel=\"canonical\" href=\"https:\/\/salzgeberag.ch\/it\/note-legali\/\" \/>\n<meta property=\"og:locale\" content=\"it_IT\" \/>\n<meta property=\"og:type\" content=\"article\" \/>\n<meta property=\"og:title\" content=\"Note legali - Salzgeber AG Winterthur\" \/>\n<meta property=\"og:description\" content=\"Salzgeber AG Harzachstrasse 2b 8404 Winterthur Tel.: +41 (0)52 2336655 Fax: +41 (0)52 2336838 E-Mail: info@seobest.de\/demo290511 Wegbeschreibung Aus Richtung Z\u00fcrich oder St. Gallen: A1 nach Winterthur. Ausfahrt Winterthur-Oberwinterthur, von dort ...\" \/>\n<meta property=\"og:url\" content=\"https:\/\/salzgeberag.ch\/it\/note-legali\/\" \/>\n<meta property=\"og:site_name\" content=\"Salzgeber AG Winterthur\" \/>\n<meta property=\"article:modified_time\" content=\"2026-04-11T10:06:59+00:00\" \/>\n<meta property=\"og:image\" content=\"https:\/\/salzgeberag.ch\/it\/wp-content\/uploads\/2024\/06\/Laser.jpg\" \/>\n\t<meta property=\"og:image:width\" content=\"1909\" \/>\n\t<meta property=\"og:image:height\" content=\"754\" \/>\n\t<meta property=\"og:image:type\" content=\"image\/jpeg\" \/>\n<meta name=\"twitter:card\" content=\"summary_large_image\" \/>\n<meta name=\"twitter:label1\" content=\"Tempo di lettura stimato\" \/>\n\t<meta name=\"twitter:data1\" content=\"1 minuto\" \/>\n<script type=\"application\/ld+json\" class=\"yoast-schema-graph\">{\"@context\":\"https:\\\/\\\/schema.org\",\"@graph\":[{\"@type\":\"WebPage\",\"@id\":\"https:\\\/\\\/salzgeberag.ch\\\/it\\\/note-legali\\\/\",\"url\":\"https:\\\/\\\/salzgeberag.ch\\\/it\\\/note-legali\\\/\",\"name\":\"Note legali - Salzgeber AG Winterthur\",\"isPartOf\":{\"@id\":\"https:\\\/\\\/salzgeberag.ch\\\/it\\\/#website\"},\"primaryImageOfPage\":{\"@id\":\"https:\\\/\\\/salzgeberag.ch\\\/it\\\/note-legali\\\/#primaryimage\"},\"image\":{\"@id\":\"https:\\\/\\\/salzgeberag.ch\\\/it\\\/note-legali\\\/#primaryimage\"},\"thumbnailUrl\":\"https:\\\/\\\/salzgeberag.ch\\\/it\\\/wp-content\\\/uploads\\\/2024\\\/06\\\/Laser.jpg\",\"datePublished\":\"2017-06-08T08:01:32+00:00\",\"dateModified\":\"2026-04-11T10:06:59+00:00\",\"breadcrumb\":{\"@id\":\"https:\\\/\\\/salzgeberag.ch\\\/it\\\/note-legali\\\/#breadcrumb\"},\"inLanguage\":\"it-IT\",\"potentialAction\":[{\"@type\":\"ReadAction\",\"target\":[\"https:\\\/\\\/salzgeberag.ch\\\/it\\\/note-legali\\\/\"]}]},{\"@type\":\"ImageObject\",\"inLanguage\":\"it-IT\",\"@id\":\"https:\\\/\\\/salzgeberag.ch\\\/it\\\/note-legali\\\/#primaryimage\",\"url\":\"https:\\\/\\\/salzgeberag.ch\\\/it\\\/wp-content\\\/uploads\\\/2024\\\/06\\\/Laser.jpg\",\"contentUrl\":\"https:\\\/\\\/salzgeberag.ch\\\/it\\\/wp-content\\\/uploads\\\/2024\\\/06\\\/Laser.jpg\",\"width\":1909,\"height\":754},{\"@type\":\"BreadcrumbList\",\"@id\":\"https:\\\/\\\/salzgeberag.ch\\\/it\\\/note-legali\\\/#breadcrumb\",\"itemListElement\":[{\"@type\":\"ListItem\",\"position\":1,\"name\":\"Start\",\"item\":\"https:\\\/\\\/salzgeberag.ch\\\/it\\\/\"},{\"@type\":\"ListItem\",\"position\":2,\"name\":\"Note legali\"}]},{\"@type\":\"WebSite\",\"@id\":\"https:\\\/\\\/salzgeberag.ch\\\/it\\\/#website\",\"url\":\"https:\\\/\\\/salzgeberag.ch\\\/it\\\/\",\"name\":\"Salzgeber AG Winterthur\",\"description\":\"Impiantistica industriale, Costruzione di apparecchiature, Lavorazione della lamiera, Taglio a getto d\u2019acqua e Taglio laser\",\"publisher\":{\"@id\":\"https:\\\/\\\/salzgeberag.ch\\\/it\\\/#organization\"},\"potentialAction\":[{\"@type\":\"SearchAction\",\"target\":{\"@type\":\"EntryPoint\",\"urlTemplate\":\"https:\\\/\\\/salzgeberag.ch\\\/it\\\/?s={search_term_string}\"},\"query-input\":{\"@type\":\"PropertyValueSpecification\",\"valueRequired\":true,\"valueName\":\"search_term_string\"}}],\"inLanguage\":\"it-IT\"},{\"@type\":\"Organization\",\"@id\":\"https:\\\/\\\/salzgeberag.ch\\\/it\\\/#organization\",\"name\":\"Salzgeber AG Winterthur\",\"url\":\"https:\\\/\\\/salzgeberag.ch\\\/it\\\/\",\"logo\":{\"@type\":\"ImageObject\",\"inLanguage\":\"it-IT\",\"@id\":\"https:\\\/\\\/salzgeberag.ch\\\/it\\\/#\\\/schema\\\/logo\\\/image\\\/\",\"url\":\"https:\\\/\\\/salzgeberag.ch\\\/it\\\/wp-content\\\/uploads\\\/2024\\\/05\\\/Salzgeber-AG-logoNeu.jpg\",\"contentUrl\":\"https:\\\/\\\/salzgeberag.ch\\\/it\\\/wp-content\\\/uploads\\\/2024\\\/05\\\/Salzgeber-AG-logoNeu.jpg\",\"width\":532,\"height\":480,\"caption\":\"Salzgeber AG Winterthur\"},\"image\":{\"@id\":\"https:\\\/\\\/salzgeberag.ch\\\/it\\\/#\\\/schema\\\/logo\\\/image\\\/\"}}]}<\/script>\n<!-- \/ Yoast SEO plugin. -->","yoast_head_json":{"title":"Note legali - Salzgeber AG Winterthur","robots":{"index":"index","follow":"follow","max-snippet":"max-snippet:-1","max-image-preview":"max-image-preview:large","max-video-preview":"max-video-preview:-1"},"canonical":"https:\/\/salzgeberag.ch\/it\/note-legali\/","og_locale":"it_IT","og_type":"article","og_title":"Note legali - Salzgeber AG Winterthur","og_description":"Salzgeber AG Harzachstrasse 2b 8404 Winterthur Tel.: +41 (0)52 2336655 Fax: +41 (0)52 2336838 E-Mail: info@seobest.de\/demo290511 Wegbeschreibung Aus Richtung Z\u00fcrich oder St. Gallen: A1 nach Winterthur. Ausfahrt Winterthur-Oberwinterthur, von dort ...","og_url":"https:\/\/salzgeberag.ch\/it\/note-legali\/","og_site_name":"Salzgeber AG Winterthur","article_modified_time":"2026-04-11T10:06:59+00:00","og_image":[{"width":1909,"height":754,"url":"https:\/\/salzgeberag.ch\/it\/wp-content\/uploads\/2024\/06\/Laser.jpg","type":"image\/jpeg"}],"twitter_card":"summary_large_image","twitter_misc":{"Tempo di lettura stimato":"1 minuto"},"schema":{"@context":"https:\/\/schema.org","@graph":[{"@type":"WebPage","@id":"https:\/\/salzgeberag.ch\/it\/note-legali\/","url":"https:\/\/salzgeberag.ch\/it\/note-legali\/","name":"Note legali - Salzgeber AG Winterthur","isPartOf":{"@id":"https:\/\/salzgeberag.ch\/it\/#website"},"primaryImageOfPage":{"@id":"https:\/\/salzgeberag.ch\/it\/note-legali\/#primaryimage"},"image":{"@id":"https:\/\/salzgeberag.ch\/it\/note-legali\/#primaryimage"},"thumbnailUrl":"https:\/\/salzgeberag.ch\/it\/wp-content\/uploads\/2024\/06\/Laser.jpg","datePublished":"2017-06-08T08:01:32+00:00","dateModified":"2026-04-11T10:06:59+00:00","breadcrumb":{"@id":"https:\/\/salzgeberag.ch\/it\/note-legali\/#breadcrumb"},"inLanguage":"it-IT","potentialAction":[{"@type":"ReadAction","target":["https:\/\/salzgeberag.ch\/it\/note-legali\/"]}]},{"@type":"ImageObject","inLanguage":"it-IT","@id":"https:\/\/salzgeberag.ch\/it\/note-legali\/#primaryimage","url":"https:\/\/salzgeberag.ch\/it\/wp-content\/uploads\/2024\/06\/Laser.jpg","contentUrl":"https:\/\/salzgeberag.ch\/it\/wp-content\/uploads\/2024\/06\/Laser.jpg","width":1909,"height":754},{"@type":"BreadcrumbList","@id":"https:\/\/salzgeberag.ch\/it\/note-legali\/#breadcrumb","itemListElement":[{"@type":"ListItem","position":1,"name":"Start","item":"https:\/\/salzgeberag.ch\/it\/"},{"@type":"ListItem","position":2,"name":"Note legali"}]},{"@type":"WebSite","@id":"https:\/\/salzgeberag.ch\/it\/#website","url":"https:\/\/salzgeberag.ch\/it\/","name":"Salzgeber AG Winterthur","description":"Impiantistica industriale, Costruzione di apparecchiature, Lavorazione della lamiera, Taglio a getto d\u2019acqua e Taglio laser","publisher":{"@id":"https:\/\/salzgeberag.ch\/it\/#organization"},"potentialAction":[{"@type":"SearchAction","target":{"@type":"EntryPoint","urlTemplate":"https:\/\/salzgeberag.ch\/it\/?s={search_term_string}"},"query-input":{"@type":"PropertyValueSpecification","valueRequired":true,"valueName":"search_term_string"}}],"inLanguage":"it-IT"},{"@type":"Organization","@id":"https:\/\/salzgeberag.ch\/it\/#organization","name":"Salzgeber AG Winterthur","url":"https:\/\/salzgeberag.ch\/it\/","logo":{"@type":"ImageObject","inLanguage":"it-IT","@id":"https:\/\/salzgeberag.ch\/it\/#\/schema\/logo\/image\/","url":"https:\/\/salzgeberag.ch\/it\/wp-content\/uploads\/2024\/05\/Salzgeber-AG-logoNeu.jpg","contentUrl":"https:\/\/salzgeberag.ch\/it\/wp-content\/uploads\/2024\/05\/Salzgeber-AG-logoNeu.jpg","width":532,"height":480,"caption":"Salzgeber AG Winterthur"},"image":{"@id":"https:\/\/salzgeberag.ch\/it\/#\/schema\/logo\/image\/"}}]}},"_links":{"self":[{"href":"https:\/\/salzgeberag.ch\/it\/wp-json\/wp\/v2\/pages\/26","targetHints":{"allow":["GET"]}}],"collection":[{"href":"https:\/\/salzgeberag.ch\/it\/wp-json\/wp\/v2\/pages"}],"about":[{"href":"https:\/\/salzgeberag.ch\/it\/wp-json\/wp\/v2\/types\/page"}],"author":[{"embeddable":true,"href":"https:\/\/salzgeberag.ch\/it\/wp-json\/wp\/v2\/users\/1"}],"replies":[{"embeddable":true,"href":"https:\/\/salzgeberag.ch\/it\/wp-json\/wp\/v2\/comments?post=26"}],"version-history":[{"count":66,"href":"https:\/\/salzgeberag.ch\/it\/wp-json\/wp\/v2\/pages\/26\/revisions"}],"predecessor-version":[{"id":12364,"href":"https:\/\/salzgeberag.ch\/it\/wp-json\/wp\/v2\/pages\/26\/revisions\/12364"}],"wp:featuredmedia":[{"embeddable":true,"href":"https:\/\/salzgeberag.ch\/it\/wp-json\/wp\/v2\/media\/11960"}],"wp:attachment":[{"href":"https:\/\/salzgeberag.ch\/it\/wp-json\/wp\/v2\/media?parent=26"}],"curies":[{"name":"wp","href":"https:\/\/api.w.org\/{rel}","templated":true}]}}